{"id":15630,"date":"2015-05-10T14:27:53","date_gmt":"2015-05-10T14:27:53","guid":{"rendered":"http:\/\/www.test1dds.si\/?page_id=15630"},"modified":"2016-01-30T16:32:51","modified_gmt":"2016-01-30T14:32:51","slug":"nekoc-in-danes","status":"publish","type":"page","link":"http:\/\/www.drustvo-distrofikov.si\/?page_id=15630","title":{"rendered":"Zgodovina dru\u0161tva"},"content":{"rendered":"<div class=\"wpb-content-wrapper\"><p>[vc_row row_type=&#8221;row&#8221; type=&#8221;full_width&#8221; text_align=&#8221;left&#8221; background_color=&#8221;#ffffff&#8221; padding_top=&#8221;20&#8243;][vc_column width=&#8221;1\/1&#8243;][vc_gallery type=&#8221;flexslider_slide&#8221; interval=&#8221;3&#8243; images=&#8221;16569,16566,16565,16568,16570,16567,16563,16564,16562&#8243; onclick=&#8221;link_image&#8221; custom_links_target=&#8221;_self&#8221; column_number=&#8221;2&#8243; grayscale=&#8221;no&#8221; choose_frame=&#8221;default&#8221; img_size=&#8221;full&#8221;][vc_separator type=&#8221;transparent&#8221; position=&#8221;center&#8221; up=&#8221;15&#8243; down=&#8221;10&#8243;][vc_column_text]<\/p>\n<h5>Davnega leta 1969&#8230;<\/h5>\n<p>[\/vc_column_text][vc_separator type=&#8221;small&#8221; position=&#8221;left&#8221; up=&#8221;16&#8243; down=&#8221;12&#8243;][vc_column_text]<\/p>\n<p style=\"text-align: justify;\"><strong>Dru\u0161tvo distrofikov Slovenije<\/strong> od svoje ustanovitve leta 1969 deluje kot <strong>nacionalna reprezentativna invalidska organizacija<\/strong> na obmo\u010dju celotne Slovenije. Z na\u010drtnim delovanjem je doslej doseglo ureditev \u0161tevilnih zadev, in to ne samo na podro\u010dju zdravstva, ampak tudi na podro\u010dju ekonomskih olaj\u0161av, usposabljanja, bivanja in socialnega \u017eivljenja. Razvilo je tudi nekatere specifi\u010dne mo\u017enosti za polnovredno vlogo \u010dloveka. V dru\u0161tvu namre\u010d distrofiki ustvarjalno izra\u017eamo svoje interese in jih z dru\u0161tveno pomo\u010djo tudi vsestransko uveljavljamo. Poleg tega pa <strong>dru\u0161tvo samostojno izvaja nekaj posebnih socialnih programov<\/strong> in nekatere lahko zaradi profesionalnih dose\u017ekov uvr\u0161\u010damo kar med izjemne dose\u017eke slovenskega invalidskega varstva. To sta med drugim dru\u0161tvena <strong>slu\u017eba prevozov in osebna asistenca<\/strong>, ki zagotavljata distrofikom primerno mobilnost in fizi\u010dno pomo\u010d. Ob izvajanju \u0161tevilnih posebnih socialnih programov, pa je dru\u0161tvo ustanovilo tudi dve invalidski podjetji, in sicer <a href=\"http:\/\/www.birografikabrori.si\" target=\"_blank\">Birografika BORI<\/a>, ki uresni\u010duje svoje cilje z gospodarjenjem na tr\u017ei\u0161\u010du ter dokazuje, da je ob uporabi visoke tehnologije in organiziranosti, ekonomsko upravi\u010dljivo zaposlovati hudo prizadete distrofike pod posebnimi pogoji in invalidsko podjetje <a href=\"http:\/\/www.dom2topola.si\" target=\"_blank\">Dom dva topola<\/a>, katero izvaja obmorsko medicinsko rehabilitacijo, ki omogo\u010da ohranjevanje biolo\u0161kih potencialov. Posebna zna\u010dilnost Dru\u0161tva distrofikov Slovenije je, da ne skrbi lo\u010deno samo za interese svojih \u010dlanov, ampak si prizadeva tudi za splo\u0161en napredek slovenske dr\u017eave na invalidskem podro\u010dju, kajti ravno urejeni splo\u0161ni pogoji \u017eivljenja in prijazno okolje, brez arhitekturnih in drugih ovir, so predpogoj za ve\u010djo dru\u017ebeno integracijo slovenskih invalidov in bistveno zmanj\u0161ujejo potrebe \u010dloveka s telesno okvaro, da se izklju\u010dno predstavlja v socialni vlogi invalida.<\/p>\n<p>[\/vc_column_text][vc_separator type=&#8221;normal&#8221; position=&#8221;center&#8221; width_in_percentages=&#8221;&#8221; down=&#8221;30&#8243; up=&#8221;30&#8243;][\/vc_column][\/vc_row][vc_row row_type=&#8221;row&#8221; type=&#8221;full_width&#8221; text_align=&#8221;left&#8221; background_color=&#8221;#ffffff&#8221; use_row_as_full_screen_section=&#8221;no&#8221; parallax_content_width=&#8221;in_grid&#8221; content_menu_icon=&#8221;&#8221; angled_section=&#8221;no&#8221; angled_section_position=&#8221;both&#8221; angled_section_direction=&#8221;from_left_to_right&#8221; background_image_as_pattern=&#8221;without_pattern&#8221; row_negative_margin=&#8221;&#8221; css_animation=&#8221;&#8221;][vc_column width=&#8221;1\/1&#8243;][vc_gallery type=&#8221;flexslider_slide&#8221; interval=&#8221;3&#8243; images=&#8221;15268,15347&#8243; onclick=&#8221;link_image&#8221; custom_links_target=&#8221;_self&#8221; column_number=&#8221;2&#8243; grayscale=&#8221;no&#8221; choose_frame=&#8221;default&#8221; img_size=&#8221;full&#8221;][vc_separator type=&#8221;transparent&#8221; position=&#8221;center&#8221; up=&#8221;15&#8243; down=&#8221;10&#8243;][vc_column_text]<\/p>\n<h5>Danes&#8230;<\/h5>\n<p>[\/vc_column_text][vc_separator type=&#8221;small&#8221; position=&#8221;left&#8221; up=&#8221;16&#8243; down=&#8221;12&#8243;][vc_column_text]<\/p>\n<p style=\"text-align: justify;\">Danes ima dru\u0161tvo 946 rednih \u010dlanov z razli\u010dnimi oblikami mi\u0161i\u010dnih in \u017eiv\u010dno-mi\u0161i\u010dnih obolenj, in 245 podpornih \u010dlanov. Od septembra 1992 je dru\u0161tvo redna \u010dlanica EAMDA (European Alliance of Neuromuscular Disorders Associations), ki ima sede\u017e v Ljubljani in svetovnega zdru\u017eenja WANDA (World Alliance of Neuromuscular Disorders Associations) s sede\u017eem v Avstraliji. Prek Nacionalnega sveta invalidskih organizacij Slovenije (NSIOS) pa je dru\u0161tvo od sprejema Slovenije v Evropsko unijo \u010dlan v Evropskem invalidskem forumu (EDF).<\/p>\n<p>[\/vc_column_text][\/vc_column][\/vc_row][vc_row row_type=&#8221;row&#8221; type=&#8221;full_width&#8221; text_align=&#8221;left&#8221; padding_top=&#8221;80&#8243; padding_bottom=&#8221;50&#8243; background_color=&#8221;#ffffff&#8221;][vc_column width=&#8221;1\/1&#8243;][vc_row_inner][vc_column_inner width=&#8221;1\/2&#8243;][vc_single_image image=&#8221;16209&#8243; border_color=&#8221;grey&#8221; img_link_target=&#8221;_blank&#8221; qode_css_animation=&#8221;element_from_fade&#8221; transition_delay=&#8221;0.2&#8243; img_size=&#8221;medium&#8221; img_link_large=&#8221;&#8221; link=&#8221;http:\/\/www.birografikabori.si&#8221;][vc_separator type=&#8221;transparent&#8221; position=&#8221;center&#8221; up=&#8221;17&#8243; down=&#8221;10&#8243;][vc_column_text]<\/p>\n<h5>Birografika BORI d.o.o.<\/h5>\n<p>[\/vc_column_text][vc_separator type=&#8221;small&#8221; position=&#8221;left&#8221; up=&#8221;16&#8243; down=&#8221;12&#8243;][vc_column_text]<\/p>\n<p>Invalidsko podjetje Birografika BORI d.o.o. je vodilno slovensko tiskarsko podjetje, ki konkurira na trgu s sodobno tiskarsko, oblikovalsko in knjigovezno tehnologijo.<\/p>\n<p>[\/vc_column_text][vc_separator type=&#8221;transparent&#8221; position=&#8221;center&#8221; up=&#8221;3&#8243; down=&#8221;10&#8243;][vc_column_text el_class=&#8221;qode_custom_link&#8221;]<\/p>\n<p><a href=\"http:\/\/www.birografikabori.si\/opodjetju_kontakti.php\" target=\"_blank\">Kontakt podjetja<\/a><\/p>\n<p>[\/vc_column_text][vc_separator type=&#8221;transparent&#8221; position=&#8221;center&#8221; up=&#8221;17&#8243; down=&#8221;20&#8243;][\/vc_column_inner][vc_column_inner width=&#8221;1\/2&#8243;][vc_separator type=&#8221;transparent&#8221; position=&#8221;center&#8221; width_in_percentages=&#8221;&#8221; up=&#8221;35&#8243; down=&#8221;30&#8243;][vc_single_image image=&#8221;16218&#8243; border_color=&#8221;grey&#8221; img_link_target=&#8221;_blank&#8221; qode_css_animation=&#8221;element_from_fade&#8221; transition_delay=&#8221;0.5&#8243; img_size=&#8221;full&#8221; img_link_large=&#8221;&#8221; link=&#8221;http:\/\/www.dom2topola.si&#8221;][vc_separator type=&#8221;transparent&#8221; position=&#8221;center&#8221; up=&#8221;17&#8243; down=&#8221;10&#8243;][vc_column_text]<\/p>\n<h5>Dom dva topola d.o.o.<\/h5>\n<p>[\/vc_column_text][vc_separator type=&#8221;small&#8221; position=&#8221;left&#8221; up=&#8221;16&#8243; down=&#8221;12&#8243;][vc_column_text]<\/p>\n<p>Dom dva topola d.o.o. je edinstveno invalidsko podjetje v slovenskem prostoru z asortimanom storitev za izvajanje izven bolni\u0161ni\u010dnega zdravljenja distrofikov in drugih invalidov.<\/p>\n<p>[\/vc_column_text][vc_separator type=&#8221;transparent&#8221; position=&#8221;center&#8221; up=&#8221;3&#8243; down=&#8221;10&#8243;][vc_column_text el_class=&#8221;qode_custom_link&#8221;]<\/p>\n<p><a href=\"http:\/\/www.dom2topola.si\/kontakti.html\" target=\"_blank\">Kontakt recepcije doma<\/a><\/p>\n<p>[\/vc_column_text][vc_separator type=&#8221;transparent&#8221; position=&#8221;center&#8221; up=&#8221;17&#8243; down=&#8221;20&#8243;][\/vc_column_inner][\/vc_row_inner][\/vc_column][\/vc_row]<\/p>\n<\/div>","protected":false},"excerpt":{"rendered":"<p>[vc_row row_type=&#8221;row&#8221; type=&#8221;full_width&#8221; text_align=&#8221;left&#8221; background_color=&#8221;#ffffff&#8221; padding_top=&#8221;20&#8243;][vc_column width=&#8221;1\/1&#8243;][vc_gallery type=&#8221;flexslider_slide&#8221; interval=&#8221;3&#8243; images=&#8221;16569,16566,16565,16568,16570,16567,16563,16564,16562&#8243; onclick=&#8221;link_image&#8221; custom_links_target=&#8221;_self&#8221; column_number=&#8221;2&#8243; grayscale=&#8221;no&#8221; choose_frame=&#8221;default&#8221; img_size=&#8221;full&#8221;][vc_separator type=&#8221;transparent&#8221; position=&#8221;center&#8221; up=&#8221;15&#8243; down=&#8221;10&#8243;][vc_column_text] Davnega leta 1969&#8230; [\/vc_column_text][vc_separator type=&#8221;small&#8221; position=&#8221;left&#8221; up=&#8221;16&#8243; down=&#8221;12&#8243;][vc_column_text] Dru\u0161tvo distrofikov Slovenije od svoje ustanovitve leta 1969 deluje kot nacionalna reprezentativna invalidska organizacija na obmo\u010dju celotne&#8230;<\/p>\n","protected":false},"author":1,"featured_media":0,"parent":0,"menu_order":0,"comment_status":"open","ping_status":"open","template":"","meta":{"_exactmetrics_skip_tracking":false,"_exactmetrics_sitenote_active":false,"_exactmetrics_sitenote_note":"","_exactmetrics_sitenote_category":0,"footnotes":""},"class_list":["post-15630","page","type-page","status-publish","hentry"],"publishpress_future_action":{"enabled":false,"date":"2026-05-08 11:41:40","action":"change-status","newStatus":"draft","terms":[],"taxonomy":"","extraData":[]},"publishpress_future_workflow_manual_trigger":{"enabledWorkflows":[]},"_links":{"self":[{"href":"http:\/\/www.drustvo-distrofikov.si\/index.php?rest_route=\/wp\/v2\/pages\/15630","targetHints":{"allow":["GET"]}}],"collection":[{"href":"http:\/\/www.drustvo-distrofikov.si\/index.php?rest_route=\/wp\/v2\/pages"}],"about":[{"href":"http:\/\/www.drustvo-distrofikov.si\/index.php?rest_route=\/wp\/v2\/types\/page"}],"author":[{"embeddable":true,"href":"http:\/\/www.drustvo-distrofikov.si\/index.php?rest_route=\/wp\/v2\/users\/1"}],"replies":[{"embeddable":true,"href":"http:\/\/www.drustvo-distrofikov.si\/index.php?rest_route=%2Fwp%2Fv2%2Fcomments&post=15630"}],"version-history":[{"count":1,"href":"http:\/\/www.drustvo-distrofikov.si\/index.php?rest_route=\/wp\/v2\/pages\/15630\/revisions"}],"predecessor-version":[{"id":17392,"href":"http:\/\/www.drustvo-distrofikov.si\/index.php?rest_route=\/wp\/v2\/pages\/15630\/revisions\/17392"}],"wp:attachment":[{"href":"http:\/\/www.drustvo-distrofikov.si\/index.php?rest_route=%2Fwp%2Fv2%2Fmedia&parent=15630"}],"curies":[{"name":"wp","href":"https:\/\/api.w.org\/{rel}","templated":true}]}}