{"id":16083,"date":"2015-06-04T09:26:40","date_gmt":"2015-06-04T09:26:40","guid":{"rendered":"http:\/\/www.test1dds.si\/?page_id=16083"},"modified":"2016-01-30T18:41:33","modified_gmt":"2016-01-30T16:41:33","slug":"karmen-bajt","status":"publish","type":"page","link":"http:\/\/www.drustvo-distrofikov.si\/?page_id=16083","title":{"rendered":"Karmen Bajt"},"content":{"rendered":"<div class=\"wpb-content-wrapper\"><p>[vc_row row_type=&#8221;row&#8221; use_row_as_full_screen_section=&#8221;no&#8221; type=&#8221;grid&#8221; angled_section=&#8221;no&#8221; angled_section_position=&#8221;both&#8221; angled_section_direction=&#8221;from_left_to_right&#8221; text_align=&#8221;left&#8221; background_image_as_pattern=&#8221;without_pattern&#8221; padding_top=&#8221;77&#8243; padding_bottom=&#8221;48&#8243;][vc_column width=&#8221;1\/3&#8243;][vc_single_image image=&#8221;16388&#8243; border_color=&#8221;grey&#8221; img_link_large=&#8221;&#8221; img_link_target=&#8221;_self&#8221; img_size=&#8221;medium&#8221; alignment=&#8221;center&#8221; transition_delay=&#8221;0.3&#8243; qode_css_animation=&#8221;element_from_left&#8221; style=&#8221;vc_box_shadow&#8221;][\/vc_column][vc_column width=&#8221;2\/3&#8243;][vc_separator type=&#8221;transparent&#8221; position=&#8221;center&#8221; width_in_percentages=&#8221;&#8221;][vc_column_text]<\/p>\n<h2>Karmen Bajt, socialna organizatorka<\/h2>\n<p>[\/vc_column_text][vc_column_text]<\/p>\n<p><strong>t:<\/strong> (01) 47-20-553\u00a0\u2666\u00a0<strong>f:<\/strong> (0590) 33-263\u00a0\u2666\u00a0<strong>e:<\/strong> karmen.bajt@drustvo-distrofikov.si<\/p>\n<p>[\/vc_column_text][vc_separator type=&#8221;small&#8221; position=&#8221;left&#8221; width_in_percentages=&#8221;&#8221; up=&#8221;7&#8243; down=&#8221;38&#8243;][vc_column_text]Je diplomirala na Visoki upravni \u0161oli Univerze v Ljubljani ter ima opravljen strokovni izpit s podro\u010dja socialnega varstva. V \u010dasu \u0161tudija je sodelovala pri razli\u010dnih projektih in tudi pri ustanovitvi Kluba invalidnih \u0161tudentov, ki se je kasneje preoblikoval v Dru\u0161tvo \u0161tudentov invalidov. \u017de tam je sodelovala v razli\u010dnih projektih ter se seznanila z izvajanjem posebnih socialnih programov.<\/p>\n<p>Od novembra 2002 je zaposlena v Dru\u0161tvu distrofikov Slovenije na delovnem mestu socialna organizatorka. Delo na dru\u0161tvu ji predstavlja velik izziv, saj lahko do dolo\u010dene mere neposredno spreminja \u00bbsvet\u00ab, v katerem se je zna\u0161la v prvi vrsti predvsem zaradi svoje invalidnosti. Meni, da je pri delu v invalidski organizaciji, katere \u010dlan si tudi sam, pomembno predvsem delovanje, ki vodi k zasledovanju ciljev po ohranitvi \u017ee pridobljenih pravic na podro\u010dju invalidskega varstva ter k apliciranju novih re\u0161itev in zakonsko opredeljenih pravic, ki izhajajo iz specifi\u010dnih potreb invalidov. Zaveda se namre\u010d, da s svojim delom neposredno soustvarja spremembe v dru\u017ebi, s tem pa prispeva tudi v dobro skupnosti. Pri izvajanju posebnih socialnih programov meni, da je pomembno delovati po na\u010delu individualnega pristopa, saj se zaveda, da le tako lahko dose\u017ee ve\u010djo u\u010dinkovitost in s tem v okviru organizacije nudi potrebno pomo\u010d distrofikom, ki jo potrebujejo. Njeno delo zajema strokovno vodenje in koordinacijo programa osebna asistenca, skrb za zakonsko podlago vseh kadrovskih postopkov ter vodenje kadrovske slu\u017ebe, sodelovanje pri izvajanju drugih posebnih socialnih programov, ki jih izvaja na\u0161a organizacija, sodeluje pri pripravi razpisne dokumentacije in poro\u010dil o izvajanju programov, pridobivanje donatorskih sredstev, ipd.<\/p>\n<p>Je realna optimistka, ki \u017eivljenje zajema z veliko \u017elico. Te\u017eko se soo\u010da s porazi, zato si rada zadaja cilje, za katere ve, da jih lahko dose\u017ee. Pomilovanja ne mara, ker meni, da je vsakdo odgovoren zase in za svojo usodo in da lahko v prete\u017eni meri predvsem sami vplivamo na potek dogodkov, ki so povezani z nami. V prostem \u010dasu rada potuje in spoznava nove kraje ter se dru\u017ei s prijatelji.[\/vc_column_text][vc_separator type=&#8221;transparent&#8221; position=&#8221;center&#8221; width_in_percentages=&#8221;&#8221;]<blockquote class=' with_quote_icon' style='background-color: #dd9933;'><i class='fa fa-quote-right' style='color: #ffffff;'><\/i><h5 class='blockquote-text' style='color: #ffffff;'>Misel, ki je Karmen pri srcu: \u00bb\u017divljenje ni ne dobro ne slabo; je le to, kar v njem vidimo in kar iz njega naredimo!\u00ab<\/h5><\/blockquote>[\/vc_column][\/vc_row]<\/p>\n<\/div>","protected":false},"excerpt":{"rendered":"<p>[vc_row row_type=&#8221;row&#8221; use_row_as_full_screen_section=&#8221;no&#8221; type=&#8221;grid&#8221; angled_section=&#8221;no&#8221; angled_section_position=&#8221;both&#8221; angled_section_direction=&#8221;from_left_to_right&#8221; text_align=&#8221;left&#8221; background_image_as_pattern=&#8221;without_pattern&#8221; padding_top=&#8221;77&#8243; padding_bottom=&#8221;48&#8243;][vc_column width=&#8221;1\/3&#8243;][vc_single_image image=&#8221;16388&#8243; border_color=&#8221;grey&#8221; img_link_large=&#8221;&#8221; img_link_target=&#8221;_self&#8221; img_size=&#8221;medium&#8221; alignment=&#8221;center&#8221; transition_delay=&#8221;0.3&#8243; qode_css_animation=&#8221;element_from_left&#8221; style=&#8221;vc_box_shadow&#8221;][\/vc_column][vc_column width=&#8221;2\/3&#8243;][vc_separator type=&#8221;transparent&#8221; position=&#8221;center&#8221; width_in_percentages=&#8221;&#8221;][vc_column_text] Karmen Bajt, socialna organizatorka [\/vc_column_text][vc_column_text] t: (01) 47-20-553\u00a0\u2666\u00a0f: (0590) 33-263\u00a0\u2666\u00a0e: karmen.bajt@drustvo-distrofikov.si [\/vc_column_text][vc_separator type=&#8221;small&#8221; position=&#8221;left&#8221; width_in_percentages=&#8221;&#8221; up=&#8221;7&#8243; down=&#8221;38&#8243;][vc_column_text]Je diplomirala na Visoki&#8230;<\/p>\n","protected":false},"author":1,"featured_media":0,"parent":16823,"menu_order":0,"comment_status":"open","ping_status":"open","template":"full_width.php","meta":{"_exactmetrics_skip_tracking":false,"_exactmetrics_sitenote_active":false,"_exactmetrics_sitenote_note":"","_exactmetrics_sitenote_category":0,"footnotes":""},"class_list":["post-16083","page","type-page","status-publish","hentry"],"publishpress_future_action":{"enabled":false,"date":"2026-04-22 18:40:47","action":"change-status","newStatus":"draft","terms":[],"taxonomy":"","extraData":[]},"publishpress_future_workflow_manual_trigger":{"enabledWorkflows":[]},"_links":{"self":[{"href":"http:\/\/www.drustvo-distrofikov.si\/index.php?rest_route=\/wp\/v2\/pages\/16083","targetHints":{"allow":["GET"]}}],"collection":[{"href":"http:\/\/www.drustvo-distrofikov.si\/index.php?rest_route=\/wp\/v2\/pages"}],"about":[{"href":"http:\/\/www.drustvo-distrofikov.si\/index.php?rest_route=\/wp\/v2\/types\/page"}],"author":[{"embeddable":true,"href":"http:\/\/www.drustvo-distrofikov.si\/index.php?rest_route=\/wp\/v2\/users\/1"}],"replies":[{"embeddable":true,"href":"http:\/\/www.drustvo-distrofikov.si\/index.php?rest_route=%2Fwp%2Fv2%2Fcomments&post=16083"}],"version-history":[{"count":1,"href":"http:\/\/www.drustvo-distrofikov.si\/index.php?rest_route=\/wp\/v2\/pages\/16083\/revisions"}],"predecessor-version":[{"id":17393,"href":"http:\/\/www.drustvo-distrofikov.si\/index.php?rest_route=\/wp\/v2\/pages\/16083\/revisions\/17393"}],"up":[{"embeddable":true,"href":"http:\/\/www.drustvo-distrofikov.si\/index.php?rest_route=\/wp\/v2\/pages\/16823"}],"wp:attachment":[{"href":"http:\/\/www.drustvo-distrofikov.si\/index.php?rest_route=%2Fwp%2Fv2%2Fmedia&parent=16083"}],"curies":[{"name":"wp","href":"https:\/\/api.w.org\/{rel}","templated":true}]}}