{"id":16086,"date":"2015-06-04T09:29:32","date_gmt":"2015-06-04T09:29:32","guid":{"rendered":"http:\/\/www.test1dds.si\/?page_id=16086"},"modified":"2015-09-07T07:24:05","modified_gmt":"2015-09-07T07:24:05","slug":"tea-cernigoj-pusnjak","status":"publish","type":"page","link":"http:\/\/www.drustvo-distrofikov.si\/?page_id=16086","title":{"rendered":"Tea \u010cernigoj Pu\u0161njak"},"content":{"rendered":"<div class=\"wpb-content-wrapper\"><p>[vc_row row_type=&#8221;row&#8221; use_row_as_full_screen_section=&#8221;no&#8221; type=&#8221;grid&#8221; angled_section=&#8221;no&#8221; angled_section_position=&#8221;both&#8221; angled_section_direction=&#8221;from_left_to_right&#8221; text_align=&#8221;left&#8221; background_image_as_pattern=&#8221;without_pattern&#8221; padding_top=&#8221;77&#8243; padding_bottom=&#8221;48&#8243;][vc_column width=&#8221;1\/3&#8243;][vc_single_image image=&#8221;16392&#8243; border_color=&#8221;grey&#8221; img_link_large=&#8221;&#8221; img_link_target=&#8221;_self&#8221; img_size=&#8221;medium&#8221; alignment=&#8221;center&#8221; transition_delay=&#8221;0.3&#8243; qode_css_animation=&#8221;element_from_left&#8221; style=&#8221;vc_box_shadow&#8221;][\/vc_column][vc_column width=&#8221;2\/3&#8243;][vc_separator type=&#8221;transparent&#8221; position=&#8221;center&#8221; width_in_percentages=&#8221;&#8221;][vc_column_text]<\/p>\n<h2>Tea \u010cernigoj Pu\u0161njak, socialna organizatorka<\/h2>\n<p>[\/vc_column_text][vc_column_text]<strong>t:\u00a0<\/strong>(01) 47-20-554\u00a0\u2666\u00a0<strong>f:<\/strong> (0590) 33-263\u00a0\u2666\u00a0<strong>e:<\/strong>\u00a0tea.cernigoj@drustvo-distrofikov.si[\/vc_column_text][vc_separator type=&#8221;small&#8221; position=&#8221;left&#8221; width_in_percentages=&#8221;&#8221; up=&#8221;7&#8243; down=&#8221;38&#8243;][vc_column_text]<\/p>\n<p style=\"text-align: justify;\">Je magistrica sociologije, ki je na prvi stopnji diplomirala iz kadrovskega mened\u017ementa, na drugi stopnji pa magistrirala iz upravljanja organizacij, \u010dlove\u0161kih virov in znanja. V \u010dasu \u0161tudija jo je pot zanesla v neprofitne vode, natan\u010dneje na podro\u010dje invalidskega varstva. \u0160est let je opravljala funkcijo predsednice Dru\u0161tva \u0161tudentov invalidov Slovenije ter se zavzemala za izbolj\u0161anje polo\u017eaja \u0161tudentov z razli\u010dnimi vrstami in stopnjami invalidnosti. Na Univerzi v Ljubljani je aktivno sodelovala pri pripravi Pravilnika o \u0161tudentih s posebnimi potrebami ter bila pobudnica programa Aktiven po \u0161tudiju. Ima \u0161tevilne delovne izku\u0161nje zlasti s podro\u010dja organizacije dogodkov, izobra\u017eevalnih delavnic in teambuildinga. Aktivno je sodelovala tudi v mednarodnih delovnih taborih v okviru Voluntariata in programa Mladi za mlade. S svojim proaktivnim delovanjem je preko odmevnih projektov prispevala svoj del\u010dek k ozave\u0161\u010danju o resni\u010dnih sposobnostih in pozitivni podobi invalidov v javnosti ter prena\u0161ala sporo\u010dilo tolerance in spo\u0161tovanja druga\u010dnosti. Je pozitivna, iznajdljiva in hkrati prepri\u010dana, da se vztrajnost vedno nagradi, \u010de jo spremljata iskrenost in po\u0161tenost. Dru\u0161tvu distrofikov Slovenije se je pridru\u017eila konec leta 2011 ter v letu 2013 opravila strokovni izpit s podro\u010dja socialnega varstva. Trenutno opravlja funkcijo strokovne vodje posebnih socialnih programov.<\/p>\n<p>[\/vc_column_text][vc_separator type=&#8221;transparent&#8221; position=&#8221;center&#8221; width_in_percentages=&#8221;&#8221;]<blockquote class=' with_quote_icon' style='background-color: #dd9933;'><i class='fa fa-quote-right' style='color: #ffffff;'><\/i><h5 class='blockquote-text' style='color: #ffffff;'>Tei je pri srcu misel norve\u0161kega raziskovalca in pustolovca Thora Heyerdahla, ki pravi takole: \u00bbMeje? Nikoli jih nisem videl od blizu! Sli\u0161al pa sem, da obstajajo - v glavah nekaterih ljudi.\u00ab<\/h5><\/blockquote>[\/vc_column][\/vc_row]<\/p>\n<\/div>","protected":false},"excerpt":{"rendered":"<p>[vc_row row_type=&#8221;row&#8221; use_row_as_full_screen_section=&#8221;no&#8221; type=&#8221;grid&#8221; angled_section=&#8221;no&#8221; angled_section_position=&#8221;both&#8221; angled_section_direction=&#8221;from_left_to_right&#8221; text_align=&#8221;left&#8221; background_image_as_pattern=&#8221;without_pattern&#8221; padding_top=&#8221;77&#8243; padding_bottom=&#8221;48&#8243;][vc_column width=&#8221;1\/3&#8243;][vc_single_image image=&#8221;16392&#8243; border_color=&#8221;grey&#8221; img_link_large=&#8221;&#8221; img_link_target=&#8221;_self&#8221; img_size=&#8221;medium&#8221; alignment=&#8221;center&#8221; transition_delay=&#8221;0.3&#8243; qode_css_animation=&#8221;element_from_left&#8221; style=&#8221;vc_box_shadow&#8221;][\/vc_column][vc_column width=&#8221;2\/3&#8243;][vc_separator type=&#8221;transparent&#8221; position=&#8221;center&#8221; width_in_percentages=&#8221;&#8221;][vc_column_text] Tea \u010cernigoj Pu\u0161njak, socialna organizatorka [\/vc_column_text][vc_column_text]t:\u00a0(01) 47-20-554\u00a0\u2666\u00a0f: (0590) 33-263\u00a0\u2666\u00a0e:\u00a0tea.cernigoj@drustvo-distrofikov.si[\/vc_column_text][vc_separator type=&#8221;small&#8221; position=&#8221;left&#8221; width_in_percentages=&#8221;&#8221; up=&#8221;7&#8243; down=&#8221;38&#8243;][vc_column_text] Je magistrica sociologije, ki je na&#8230;<\/p>\n","protected":false},"author":1,"featured_media":0,"parent":16823,"menu_order":0,"comment_status":"open","ping_status":"open","template":"full_width.php","meta":{"_exactmetrics_skip_tracking":false,"_exactmetrics_sitenote_active":false,"_exactmetrics_sitenote_note":"","_exactmetrics_sitenote_category":0,"footnotes":""},"class_list":["post-16086","page","type-page","status-publish","hentry"],"publishpress_future_action":{"enabled":false,"date":"2026-04-21 19:00:07","action":"change-status","newStatus":"draft","terms":[],"taxonomy":"","extraData":[]},"publishpress_future_workflow_manual_trigger":{"enabledWorkflows":[]},"_links":{"self":[{"href":"http:\/\/www.drustvo-distrofikov.si\/index.php?rest_route=\/wp\/v2\/pages\/16086","targetHints":{"allow":["GET"]}}],"collection":[{"href":"http:\/\/www.drustvo-distrofikov.si\/index.php?rest_route=\/wp\/v2\/pages"}],"about":[{"href":"http:\/\/www.drustvo-distrofikov.si\/index.php?rest_route=\/wp\/v2\/types\/page"}],"author":[{"embeddable":true,"href":"http:\/\/www.drustvo-distrofikov.si\/index.php?rest_route=\/wp\/v2\/users\/1"}],"replies":[{"embeddable":true,"href":"http:\/\/www.drustvo-distrofikov.si\/index.php?rest_route=%2Fwp%2Fv2%2Fcomments&post=16086"}],"version-history":[{"count":0,"href":"http:\/\/www.drustvo-distrofikov.si\/index.php?rest_route=\/wp\/v2\/pages\/16086\/revisions"}],"up":[{"embeddable":true,"href":"http:\/\/www.drustvo-distrofikov.si\/index.php?rest_route=\/wp\/v2\/pages\/16823"}],"wp:attachment":[{"href":"http:\/\/www.drustvo-distrofikov.si\/index.php?rest_route=%2Fwp%2Fv2%2Fmedia&parent=16086"}],"curies":[{"name":"wp","href":"https:\/\/api.w.org\/{rel}","templated":true}]}}