{"id":16130,"date":"2015-06-04T12:11:38","date_gmt":"2015-06-04T12:11:38","guid":{"rendered":"http:\/\/www.test1dds.si\/?page_id=16130"},"modified":"2019-06-20T13:43:03","modified_gmt":"2019-06-20T12:43:03","slug":"programi-drustva","status":"publish","type":"page","link":"http:\/\/www.drustvo-distrofikov.si\/?page_id=16130","title":{"rendered":"Posebni socialni programi"},"content":{"rendered":"<div class=\"wpb-content-wrapper\"><p>[vc_row css_animation=&#8221;&#8221; row_type=&#8221;row&#8221; use_row_as_full_screen_section=&#8221;no&#8221; type=&#8221;grid&#8221; angled_section=&#8221;no&#8221; text_align=&#8221;left&#8221; background_image_as_pattern=&#8221;without_pattern&#8221; background_color=&#8221;#ffffff&#8221; padding_top=&#8221;87&#8243; padding_bottom=&#8221;95&#8243;][vc_column][vc_column_text]<\/p>\n<h2 style=\"text-align: center;\">Dru\u0161tvo na obmo\u010dju celotne Slovenije izvaja naslednje posebne socialne programe<\/h2>\n<p>[\/vc_column_text][vc_separator type=&#8221;small&#8221; position=&#8221;center&#8221; up=&#8221;7&#8243; down=&#8221;38&#8243;]<div class='cover_boxes' data-active-element='3'><ul class='clearfix'><li><div class='box'><a itemprop='url' class='thumb' href='http:\/\/www.drustvo-distrofikov.si\/?page_id=16144' target='_self'><img itemprop='image' alt='Prevozi distrofikov' src='http:\/\/www.drustvo-distrofikov.si\/wp-content\/uploads\/2015\/08\/p_PR.jpg' \/><\/a><div class='box_content'><h3>Prevozi distrofikov<\/h3><p>V okviru programa izvajamo prevoze s prilagojenimi vozili za prevoz invalidov na invalidskih vozi\u010dkih dnevno po Ljubljani z okolico, Mariboru z okolico, po obalnih mestih Primorske in v okviru mo\u017enosti tudi drugje po Sloveniji.<\/p><a itemprop='url' class='qbutton tiny' href='http:\/\/www.drustvo-distrofikov.si\/?page_id=16144' target='_self'>VE\u010c<\/a><\/div><\/div><\/li><li><div class='box'><a itemprop='url' class='thumb' href='' target='_self'><img itemprop='image' alt='' src='' \/><\/a><div class='box_content'><h3><\/h3><p><\/p><\/div><\/div><\/li><li><div class='box'><a itemprop='url' class='thumb' href='http:\/\/www.drustvo-distrofikov.si\/?page_id=16153' target='_self'><img itemprop='image' alt='Obnovitvena rehabilitacija' src='http:\/\/www.drustvo-distrofikov.si\/wp-content\/uploads\/2015\/06\/p_FT.jpg' \/><\/a><div class='box_content'><h3>Obnovitvena rehabilitacija<\/h3><p>Z obnovitveno rehabilitacijo se ohranjajo biolo\u0161ki potenciali distrofikov, ki so odlo\u010dilni za kvaliteto \u017eivljenja vsakega posameznika, kar vpliva tudi na bla\u017eitev socialnih in psihi\u010dnih posledic invalidnosti.<\/p><a itemprop='url' class='qbutton tiny' href='http:\/\/www.drustvo-distrofikov.si\/?page_id=16153' target='_self'>VE\u010c<\/a><\/div><\/div><\/li><\/ul><\/div>[vc_separator type=&#8221;transparent&#8221; up=&#8221;26&#8243; down=&#8221;0&#8243;]<div class='cover_boxes' data-active-element='2'><ul class='clearfix'><li><div class='box'><a itemprop='url' class='thumb' href='http:\/\/www.drustvo-distrofikov.si\/?page_id=16155' target='_self'><img itemprop='image' alt='Neodvisno \u017eivljenje distrofikov' src='http:\/\/www.drustvo-distrofikov.si\/wp-content\/uploads\/2015\/08\/p_NZD..jpg' \/><\/a><div class='box_content'><h3>Neodvisno \u017eivljenje distrofikov<\/h3><p>Pri socialnih interakcijah je zelo pomembno samoorganiziranje distrofikov v tudi v okviru Dru\u0161tva distrofikov Slovenije, ki v veliki meri prispeva k socialnim interakcijam,...<\/p><a itemprop='url' class='qbutton tiny' href='http:\/\/www.drustvo-distrofikov.si\/?page_id=16155' target='_self'>VE\u010c<\/a><\/div><\/div><\/li><li><div class='box'><a itemprop='url' class='thumb' href='http:\/\/www.drustvo-distrofikov.si\/?page_id=16157' target='_self'><img itemprop='image' alt='Ohranjevanje zdravja' src='http:\/\/www.drustvo-distrofikov.si\/wp-content\/uploads\/2015\/08\/p_OZ.jpg' \/><\/a><div class='box_content'><h3>Ohranjevanje zdravja<\/h3><p>V okviru programa izvajamo obmorsko rekreativno bivanje in aktivno klimatsko rehabilitacijo...<\/p><a itemprop='url' class='qbutton tiny' href='http:\/\/www.drustvo-distrofikov.si\/?page_id=16157' target='_self'>VE\u010c<\/a><\/div><\/div><\/li><li><div class='box'><a itemprop='url' class='thumb' href='http:\/\/www.drustvo-distrofikov.si\/?page_id=16159' target='_self'><img itemprop='image' alt='Podpora pri izobra\u017eevanju' src='http:\/\/www.drustvo-distrofikov.si\/wp-content\/uploads\/2014\/03\/02.jpg' \/><\/a><div class='box_content'><h3>Podpora pri izobra\u017eevanju<\/h3><p>Zaradi \u0161e vedno pogoste neprilagojenosti in nedostopnosti izobra\u017eevalnih institucij v Sloveniji ter napredujo\u010de invalidnosti pri distrofikih je izbira poklicne usmerjenosti nekaterih distrofikov omejena...<\/p><a itemprop='url' class='qbutton tiny' href='http:\/\/www.drustvo-distrofikov.si\/?page_id=16159' target='_self'>VE\u010c<\/a><\/div><\/div><\/li><\/ul><\/div>[vc_separator type=&#8221;transparent&#8221; up=&#8221;26&#8243; down=&#8221;0&#8243;]<div class='cover_boxes' data-active-element='1'><ul class='clearfix'><li><div class='box'><a itemprop='url' class='thumb' href='http:\/\/www.drustvo-distrofikov.si\/?page_id=16161' target='_self'><img itemprop='image' alt='Informativna dejavnost' src='http:\/\/www.drustvo-distrofikov.si\/wp-content\/uploads\/2015\/06\/p_ID2.jpg' \/><\/a><div class='box_content'><h3>Informativna dejavnost<\/h3><p>Vsebinska zasnova programa izhaja iz splo\u0161ne potrebe po informiranju distrofikov, njihovih svojcev in \u0161ir\u0161e javnosti.<\/p><a itemprop='url' class='qbutton tiny' href='http:\/\/www.drustvo-distrofikov.si\/?page_id=16161' target='_self'>VE\u010c<\/a><\/div><\/div><\/li><li><div class='box'><a itemprop='url' class='thumb' href='http:\/\/www.drustvo-distrofikov.si\/?page_id=16163' target='_self'><img itemprop='image' alt='Individualne pomo\u010di' src='http:\/\/www.drustvo-distrofikov.si\/wp-content\/uploads\/2015\/08\/p_IP..jpg' \/><\/a><div class='box_content'><h3>Individualne pomo\u010di<\/h3><p>Program je namenjen prepre\u010devanju in odpravljanju socialnih stisk socialno najbolj ogro\u017eenim distrofikom in njihovim dru\u017einskim \u010dlanom.<\/p><a itemprop='url' class='qbutton tiny' href='http:\/\/www.drustvo-distrofikov.si\/?page_id=16163' target='_self'>VE\u010c<\/a><\/div><\/div><\/li><li><div class='box'><a itemprop='url' class='thumb' href='http:\/\/www.drustvo-distrofikov.si\/?page_id=16165' target='_self'><img itemprop='image' alt='Oskrba s tehni\u010dnimi pripomo\u010dki' src='http:\/\/www.drustvo-distrofikov.si\/wp-content\/uploads\/2015\/06\/p_otp3.jpg' \/><\/a><div class='box_content'><h3>Oskrba s tehni\u010dnimi pripomo\u010dki<\/h3><p>Distrofikom pomagamo z nasveti in pri pridobitvi prospektov ortopedskih in tehni\u010dnih pripomo\u010dkov.<\/p><a itemprop='url' class='qbutton tiny' href='http:\/\/www.drustvo-distrofikov.si\/?page_id=16165' target='_self'>VE\u010c<\/a><\/div><\/div><\/li><\/ul><\/div>[vc_separator type=&#8221;transparent&#8221; up=&#8221;26&#8243; down=&#8221;0&#8243;]<div class='cover_boxes' data-active-element='2'><ul class='clearfix'><li><div class='box'><a itemprop='url' class='thumb' href='http:\/\/www.drustvo-distrofikov.si\/?page_id=16167' target='_self'><img itemprop='image' alt='Kultura' src='http:\/\/www.drustvo-distrofikov.si\/wp-content\/uploads\/2015\/08\/p_PpI.jpg' \/><\/a><div class='box_content'><h3>Kultura<\/h3><p>V okviru programa vsak teden poteka likovna delavnica pod mentorstvom Sa\u0161e Strnad v kateri se udele\u017eenci spoznavajo z razli\u010dnimi tehnikami likovnega ustvarjanja ter ustvarjajo likovne izdelke,...<\/p><a itemprop='url' class='qbutton tiny' href='http:\/\/www.drustvo-distrofikov.si\/?page_id=16167' target='_self'>VE\u010c<\/a><\/div><\/div><\/li><li><div class='box'><a itemprop='url' class='thumb' href='http:\/\/www.drustvo-distrofikov.si\/?page_id=16169' target='_self'><img itemprop='image' alt='Slu\u017eba za pomo\u010d distrofikom' src='http:\/\/www.drustvo-distrofikov.si\/wp-content\/uploads\/2015\/06\/p_psp3.jpg' \/><\/a><div class='box_content'><h3>Slu\u017eba za pomo\u010d distrofikom<\/h3><p>Program zajema pomo\u010d pri prepoznavanju in opredelitvi socialne stiske in te\u017eave, oceno mo\u017enih re\u0161itev ter seznanitev distrofika o vseh mo\u017enih oblikah socialno varstvenih...<\/p><a itemprop='url' class='qbutton tiny' href='http:\/\/www.drustvo-distrofikov.si\/?page_id=16169' target='_self'>VE\u010c<\/a><\/div><\/div><\/li><li><div class='box'><a itemprop='url' class='thumb' href='http:\/\/www.drustvo-distrofikov.si\/?page_id=16171' target='_self'><img itemprop='image' alt='\u0160port' src='http:\/\/www.drustvo-distrofikov.si\/wp-content\/uploads\/2015\/08\/p_S..jpg' \/><\/a><div class='box_content'><h3>\u0160port<\/h3><p>V sodelovanju z Zvezo za \u0161port invalidov Slovenije vsako leto izvedemo dr\u017eavno prvenstvo v \u0161ahu za distrofike, organiziramo \u0161ahovske delavnice in se udele\u017eujemo \u0161ahovskih turnirjev doma in v tujini...<\/p><a itemprop='url' class='qbutton tiny' href='http:\/\/www.drustvo-distrofikov.si\/?page_id=16171' target='_self'>VE\u010c<\/a><\/div><\/div><\/li><\/ul><\/div>[vc_separator type=&#8221;transparent&#8221; up=&#8221;26&#8243; down=&#8221;0&#8243;]<div class='cover_boxes' data-active-element='1'><ul class='clearfix'><li><div class='box'><a itemprop='url' class='thumb' href='http:\/\/www.drustvo-distrofikov.si\/?page_id=17550' target='_self'><img itemprop='image' alt='Fizi\u010dna pomo\u010d in \u017eivljenjska oskrba' src='http:\/\/www.drustvo-distrofikov.si\/wp-content\/uploads\/2016\/01\/p_psp2.jpg' \/><\/a><div class='box_content'><h3>Fizi\u010dna pomo\u010d in \u017eivljenjska oskrba<\/h3><p>Program je namenjen distrofikom, ki imajo zagotovljene bivalne in druge pogoje v svojem bivalnem okolju, a se zaradi starosti ali invalidnosti ne morejo oskrbovati sami,...<\/p><a itemprop='url' class='qbutton tiny' href='http:\/\/www.drustvo-distrofikov.si\/?page_id=17550' target='_self'>VE\u010c<\/a><\/div><\/div><\/li><li><div class='box'><a itemprop='url' class='thumb' href='' target='_self'><img itemprop='image' alt='' src='' \/><\/a><div class='box_content'><h3><\/h3><p><\/p><a itemprop='url' class='qbutton tiny' href='' target='_self'>VE\u010c<\/a><\/div><\/div><\/li><li><div class='box'><a itemprop='url' class='thumb' href='' target='_self'><img itemprop='image' alt='' src='' \/><\/a><div class='box_content'><h3><\/h3><p><\/p><\/div><\/div><\/li><\/ul><\/div>[\/vc_column][\/vc_row]<\/p>\n<\/div>","protected":false},"excerpt":{"rendered":"<p>[vc_row css_animation=&#8221;&#8221; row_type=&#8221;row&#8221; use_row_as_full_screen_section=&#8221;no&#8221; type=&#8221;grid&#8221; angled_section=&#8221;no&#8221; text_align=&#8221;left&#8221; background_image_as_pattern=&#8221;without_pattern&#8221; background_color=&#8221;#ffffff&#8221; padding_top=&#8221;87&#8243; padding_bottom=&#8221;95&#8243;][vc_column][vc_column_text] Dru\u0161tvo na obmo\u010dju celotne Slovenije izvaja naslednje posebne socialne programe [\/vc_column_text][vc_separator type=&#8221;small&#8221; position=&#8221;center&#8221; up=&#8221;7&#8243; down=&#8221;38&#8243;][vc_separator type=&#8221;transparent&#8221; up=&#8221;26&#8243; down=&#8221;0&#8243;][vc_separator type=&#8221;transparent&#8221; up=&#8221;26&#8243; down=&#8221;0&#8243;][vc_separator type=&#8221;transparent&#8221; up=&#8221;26&#8243; down=&#8221;0&#8243;][vc_separator type=&#8221;transparent&#8221; up=&#8221;26&#8243; down=&#8221;0&#8243;][\/vc_column][\/vc_row]<\/p>\n","protected":false},"author":1,"featured_media":0,"parent":0,"menu_order":0,"comment_status":"open","ping_status":"open","template":"full_width.php","meta":{"_exactmetrics_skip_tracking":false,"_exactmetrics_sitenote_active":false,"_exactmetrics_sitenote_note":"","_exactmetrics_sitenote_category":0,"footnotes":""},"class_list":["post-16130","page","type-page","status-publish","hentry"],"publishpress_future_action":{"enabled":false,"date":"2026-05-05 02:28:19","action":"change-status","newStatus":"draft","terms":[],"taxonomy":"","extraData":[]},"publishpress_future_workflow_manual_trigger":{"enabledWorkflows":[]},"_links":{"self":[{"href":"http:\/\/www.drustvo-distrofikov.si\/index.php?rest_route=\/wp\/v2\/pages\/16130","targetHints":{"allow":["GET"]}}],"collection":[{"href":"http:\/\/www.drustvo-distrofikov.si\/index.php?rest_route=\/wp\/v2\/pages"}],"about":[{"href":"http:\/\/www.drustvo-distrofikov.si\/index.php?rest_route=\/wp\/v2\/types\/page"}],"author":[{"embeddable":true,"href":"http:\/\/www.drustvo-distrofikov.si\/index.php?rest_route=\/wp\/v2\/users\/1"}],"replies":[{"embeddable":true,"href":"http:\/\/www.drustvo-distrofikov.si\/index.php?rest_route=%2Fwp%2Fv2%2Fcomments&post=16130"}],"version-history":[{"count":6,"href":"http:\/\/www.drustvo-distrofikov.si\/index.php?rest_route=\/wp\/v2\/pages\/16130\/revisions"}],"predecessor-version":[{"id":18477,"href":"http:\/\/www.drustvo-distrofikov.si\/index.php?rest_route=\/wp\/v2\/pages\/16130\/revisions\/18477"}],"wp:attachment":[{"href":"http:\/\/www.drustvo-distrofikov.si\/index.php?rest_route=%2Fwp%2Fv2%2Fmedia&parent=16130"}],"curies":[{"name":"wp","href":"https:\/\/api.w.org\/{rel}","templated":true}]}}