{"id":16157,"date":"2015-06-04T13:35:34","date_gmt":"2015-06-04T13:35:34","guid":{"rendered":"http:\/\/www.test1dds.si\/?page_id=16157"},"modified":"2016-01-30T18:23:22","modified_gmt":"2016-01-30T16:23:22","slug":"ohranjevanje-zdravja","status":"publish","type":"page","link":"http:\/\/www.drustvo-distrofikov.si\/?page_id=16157","title":{"rendered":"Ohranjevanje zdravja"},"content":{"rendered":"<div class=\"wpb-content-wrapper\"><p>[vc_row row_type=&#8221;row&#8221; type=&#8221;full_width&#8221; text_align=&#8221;left&#8221; background_color=&#8221;#ffffff&#8221; padding_top=&#8221;20&#8243;][vc_column width=&#8221;1\/1&#8243;][vc_gallery type=&#8221;flexslider_slide&#8221; interval=&#8221;3&#8243; images=&#8221;17079,17078,17071,17072&#8243; onclick=&#8221;link_no&#8221; custom_links_target=&#8221;_self&#8221; column_number=&#8221;2&#8243; grayscale=&#8221;no&#8221; choose_frame=&#8221;default&#8221; img_size=&#8221;full&#8221; images_space=&#8221;gallery_without_space&#8221;][vc_separator type=&#8221;transparent&#8221; position=&#8221;center&#8221; up=&#8221;15&#8243; down=&#8221;10&#8243;][vc_column_text]<\/p>\n<h5>Ohranjevanje zdravja<\/h5>\n<p>[\/vc_column_text][vc_separator type=&#8221;small&#8221; position=&#8221;left&#8221; up=&#8221;16&#8243; down=&#8221;12&#8243;][vc_column_text]Mi\u0161i\u010dna distrofija je kroni\u010dno in napredujo\u010de obolenje, na katero morska klima bla\u017eilno vpliva, saj prepre\u010duje sekundarne pojave ter ohranja splo\u0161no zdravstveno stanje in krepi psihofizi\u010dno stanje.<\/p>\n<p>V okviru programa izvajamo obmorsko rekreativno bivanje in aktivno klimatsko rehabilitacijo, za kar uporabljamo obstoje\u010de nastanitvene in fizioterapevtske prostore v Domu dva topola v Izoli, sofinanciramo nakup koencima Q10, izvajamo razgibavanje in masa\u017eo za distrofike v Ljubljani, Mariboru in Novem mestu, omogo\u010damo tedensko plavanje v bazenu Univerzitetnem rehabilitacijskem in\u0161titutu RS \u2013 So\u010da v Ljubljani ter v Medicinsko termalnem centru Fontana v Mariboru.[\/vc_column_text][vc_separator type=&#8221;transparent&#8221; position=&#8221;center&#8221; width_in_percentages=&#8221;&#8221; down=&#8221;30&#8243;][\/vc_column][\/vc_row]<\/p>\n<\/div>","protected":false},"excerpt":{"rendered":"<p>[vc_row row_type=&#8221;row&#8221; type=&#8221;full_width&#8221; text_align=&#8221;left&#8221; background_color=&#8221;#ffffff&#8221; padding_top=&#8221;20&#8243;][vc_column width=&#8221;1\/1&#8243;][vc_gallery type=&#8221;flexslider_slide&#8221; interval=&#8221;3&#8243; images=&#8221;17079,17078,17071,17072&#8243; onclick=&#8221;link_no&#8221; custom_links_target=&#8221;_self&#8221; column_number=&#8221;2&#8243; grayscale=&#8221;no&#8221; choose_frame=&#8221;default&#8221; img_size=&#8221;full&#8221; images_space=&#8221;gallery_without_space&#8221;][vc_separator type=&#8221;transparent&#8221; position=&#8221;center&#8221; up=&#8221;15&#8243; down=&#8221;10&#8243;][vc_column_text] Ohranjevanje zdravja [\/vc_column_text][vc_separator type=&#8221;small&#8221; position=&#8221;left&#8221; up=&#8221;16&#8243; down=&#8221;12&#8243;][vc_column_text]Mi\u0161i\u010dna distrofija je kroni\u010dno in napredujo\u010de obolenje, na katero morska klima bla\u017eilno vpliva, saj prepre\u010duje sekundarne pojave ter&#8230;<\/p>\n","protected":false},"author":1,"featured_media":0,"parent":16130,"menu_order":0,"comment_status":"open","ping_status":"open","template":"","meta":{"_exactmetrics_skip_tracking":false,"_exactmetrics_sitenote_active":false,"_exactmetrics_sitenote_note":"","_exactmetrics_sitenote_category":0,"footnotes":""},"class_list":["post-16157","page","type-page","status-publish","hentry"],"publishpress_future_action":{"enabled":false,"date":"2026-05-05 04:22:45","action":"change-status","newStatus":"draft","terms":[],"taxonomy":"","extraData":[]},"publishpress_future_workflow_manual_trigger":{"enabledWorkflows":[]},"_links":{"self":[{"href":"http:\/\/www.drustvo-distrofikov.si\/index.php?rest_route=\/wp\/v2\/pages\/16157","targetHints":{"allow":["GET"]}}],"collection":[{"href":"http:\/\/www.drustvo-distrofikov.si\/index.php?rest_route=\/wp\/v2\/pages"}],"about":[{"href":"http:\/\/www.drustvo-distrofikov.si\/index.php?rest_route=\/wp\/v2\/types\/page"}],"author":[{"embeddable":true,"href":"http:\/\/www.drustvo-distrofikov.si\/index.php?rest_route=\/wp\/v2\/users\/1"}],"replies":[{"embeddable":true,"href":"http:\/\/www.drustvo-distrofikov.si\/index.php?rest_route=%2Fwp%2Fv2%2Fcomments&post=16157"}],"version-history":[{"count":0,"href":"http:\/\/www.drustvo-distrofikov.si\/index.php?rest_route=\/wp\/v2\/pages\/16157\/revisions"}],"up":[{"embeddable":true,"href":"http:\/\/www.drustvo-distrofikov.si\/index.php?rest_route=\/wp\/v2\/pages\/16130"}],"wp:attachment":[{"href":"http:\/\/www.drustvo-distrofikov.si\/index.php?rest_route=%2Fwp%2Fv2%2Fmedia&parent=16157"}],"curies":[{"name":"wp","href":"https:\/\/api.w.org\/{rel}","templated":true}]}}