{"id":16161,"date":"2015-06-04T13:38:20","date_gmt":"2015-06-04T13:38:20","guid":{"rendered":"http:\/\/www.test1dds.si\/?page_id=16161"},"modified":"2016-01-13T12:47:13","modified_gmt":"2016-01-13T10:47:13","slug":"informativna-dejavnost","status":"publish","type":"page","link":"http:\/\/www.drustvo-distrofikov.si\/?page_id=16161","title":{"rendered":"Informativna dejavnost"},"content":{"rendered":"<div class=\"wpb-content-wrapper\"><p>[vc_row row_type=&#8221;row&#8221; type=&#8221;full_width&#8221; text_align=&#8221;left&#8221; background_color=&#8221;#ffffff&#8221; padding_top=&#8221;20&#8243;][vc_column width=&#8221;1\/1&#8243;][vc_gallery type=&#8221;flexslider_slide&#8221; interval=&#8221;3&#8243; images=&#8221;17097,17083&#8243; onclick=&#8221;link_no&#8221; custom_links_target=&#8221;_self&#8221; column_number=&#8221;2&#8243; grayscale=&#8221;no&#8221; choose_frame=&#8221;default&#8221; img_size=&#8221;full&#8221; images_space=&#8221;gallery_without_space&#8221;][vc_separator type=&#8221;transparent&#8221; position=&#8221;center&#8221; up=&#8221;15&#8243; down=&#8221;10&#8243;][vc_column_text]<\/p>\n<h5>Informativna dejavnost<\/h5>\n<p>[\/vc_column_text][vc_separator type=&#8221;small&#8221; position=&#8221;left&#8221; up=&#8221;16&#8243; down=&#8221;12&#8243;][vc_column_text]Vsebinska zasnova programa izhaja iz splo\u0161ne potrebe po informiranju distrofikov, njihovih svojcev in \u0161ir\u0161e javnosti (razne institucije in dr\u017eavni organi), dru\u0161tvo seznanja z aktualnimi informacijami v razli\u010dnih oblikah.<br \/>\nV okviru programa izdajamo razli\u010dne priro\u010dnike in publikacije s temami kot so: kako nuditi fizi\u010dno pomo\u010d mi\u0161i\u010dno obolelemu, opis mi\u0161i\u010dnih in \u017eiv\u010dno-mi\u0161i\u010dnih obolenj, zakonodaje ipd.<br \/>\nSplo\u0161na dru\u0161tvena informativna dejavnost poleg prilo\u017enostnih obvestil zajema tudi izdajanje glasila MA\u017d (Mavrica aktivnega \u017eivljenja). V glasilu predstavljamo aktivnosti, ki jih izvajamo v okviru razli\u010dnih posebnih socialnih programov, ki jih izvaja na\u0161a organizacija.<\/p>\n<p>Pomembno vlogo ima tudi dru\u0161tvena spletna stran na naslovu: www.drustvo-distrofikov.si , ki je redno a\u017eurirana in na kateri distrofiki in drugi zainteresirani lahko najdejo aktualne informacije o delovanju in izvajanju posebnih socialnih programov dru\u0161tva ter pomembne in aktualne informacije povezane z invalidsko problematiko.[\/vc_column_text][vc_separator type=&#8221;transparent&#8221; position=&#8221;center&#8221; width_in_percentages=&#8221;&#8221; down=&#8221;30&#8243;][\/vc_column][\/vc_row]<\/p>\n<\/div>","protected":false},"excerpt":{"rendered":"<p>[vc_row row_type=&#8221;row&#8221; type=&#8221;full_width&#8221; text_align=&#8221;left&#8221; background_color=&#8221;#ffffff&#8221; padding_top=&#8221;20&#8243;][vc_column width=&#8221;1\/1&#8243;][vc_gallery type=&#8221;flexslider_slide&#8221; interval=&#8221;3&#8243; images=&#8221;17097,17083&#8243; onclick=&#8221;link_no&#8221; custom_links_target=&#8221;_self&#8221; column_number=&#8221;2&#8243; grayscale=&#8221;no&#8221; choose_frame=&#8221;default&#8221; img_size=&#8221;full&#8221; images_space=&#8221;gallery_without_space&#8221;][vc_separator type=&#8221;transparent&#8221; position=&#8221;center&#8221; up=&#8221;15&#8243; down=&#8221;10&#8243;][vc_column_text] Informativna dejavnost [\/vc_column_text][vc_separator type=&#8221;small&#8221; position=&#8221;left&#8221; up=&#8221;16&#8243; down=&#8221;12&#8243;][vc_column_text]Vsebinska zasnova programa izhaja iz splo\u0161ne potrebe po informiranju distrofikov, njihovih svojcev in \u0161ir\u0161e javnosti (razne institucije in&#8230;<\/p>\n","protected":false},"author":1,"featured_media":0,"parent":16130,"menu_order":0,"comment_status":"open","ping_status":"open","template":"","meta":{"_exactmetrics_skip_tracking":false,"_exactmetrics_sitenote_active":false,"_exactmetrics_sitenote_note":"","_exactmetrics_sitenote_category":0,"footnotes":""},"class_list":["post-16161","page","type-page","status-publish","hentry"],"publishpress_future_action":{"enabled":false,"date":"2026-05-05 03:56:20","action":"change-status","newStatus":"draft","terms":[],"taxonomy":"","extraData":[]},"publishpress_future_workflow_manual_trigger":{"enabledWorkflows":[]},"_links":{"self":[{"href":"http:\/\/www.drustvo-distrofikov.si\/index.php?rest_route=\/wp\/v2\/pages\/16161","targetHints":{"allow":["GET"]}}],"collection":[{"href":"http:\/\/www.drustvo-distrofikov.si\/index.php?rest_route=\/wp\/v2\/pages"}],"about":[{"href":"http:\/\/www.drustvo-distrofikov.si\/index.php?rest_route=\/wp\/v2\/types\/page"}],"author":[{"embeddable":true,"href":"http:\/\/www.drustvo-distrofikov.si\/index.php?rest_route=\/wp\/v2\/users\/1"}],"replies":[{"embeddable":true,"href":"http:\/\/www.drustvo-distrofikov.si\/index.php?rest_route=%2Fwp%2Fv2%2Fcomments&post=16161"}],"version-history":[{"count":0,"href":"http:\/\/www.drustvo-distrofikov.si\/index.php?rest_route=\/wp\/v2\/pages\/16161\/revisions"}],"up":[{"embeddable":true,"href":"http:\/\/www.drustvo-distrofikov.si\/index.php?rest_route=\/wp\/v2\/pages\/16130"}],"wp:attachment":[{"href":"http:\/\/www.drustvo-distrofikov.si\/index.php?rest_route=%2Fwp%2Fv2%2Fmedia&parent=16161"}],"curies":[{"name":"wp","href":"https:\/\/api.w.org\/{rel}","templated":true}]}}