{"id":16169,"date":"2015-06-04T13:49:44","date_gmt":"2015-06-04T13:49:44","guid":{"rendered":"http:\/\/www.test1dds.si\/?page_id=16169"},"modified":"2016-01-13T12:28:44","modified_gmt":"2016-01-13T10:28:44","slug":"prva-socialna-pomoc","status":"publish","type":"page","link":"http:\/\/www.drustvo-distrofikov.si\/?page_id=16169","title":{"rendered":"Prva socialna pomo\u010d"},"content":{"rendered":"<div class=\"wpb-content-wrapper\"><p>[vc_row row_type=&#8221;row&#8221; type=&#8221;full_width&#8221; text_align=&#8221;left&#8221; background_color=&#8221;#ffffff&#8221; padding_top=&#8221;20&#8243;][vc_column width=&#8221;1\/1&#8243;][vc_gallery type=&#8221;flexslider_slide&#8221; interval=&#8221;3&#8243; images=&#8221;17094,17096,17093&#8243; onclick=&#8221;link_no&#8221; custom_links_target=&#8221;_self&#8221; column_number=&#8221;2&#8243; grayscale=&#8221;no&#8221; choose_frame=&#8221;default&#8221; img_size=&#8221;full&#8221; images_space=&#8221;gallery_without_space&#8221;][vc_separator type=&#8221;transparent&#8221; position=&#8221;center&#8221; up=&#8221;15&#8243; down=&#8221;10&#8243;][vc_column_text]<\/p>\n<h5>Prva socialna pomo\u010d<\/h5>\n<p>[\/vc_column_text][vc_separator type=&#8221;small&#8221; position=&#8221;left&#8221; up=&#8221;16&#8243; down=&#8221;12&#8243;][vc_column_text]<\/p>\n<p>Program zajema pomo\u010d pri prepoznavanju in opredelitvi socialne stiske in te\u017eave, oceno mo\u017enih re\u0161itev ter seznanitev distrofika o vseh mo\u017enih oblikah socialno varstvenih storitev in dajatev, ki jih lahko uveljavi pri dr\u017eavnih institucijah ter o obveznostih, ki so povezane z oblikami storitev in dajatev, kakor tudi seznanitev o mre\u017ei in programih izvajalcev, ki nudijo socialno varstvene storitve in dajatve ter v okviru dru\u0161tvenih posebnih socialnih programov. Aktivnosti temeljijo predvsem na bazi funkcionalnega opismenjevanja distrofikov (pomo\u010d pri izpolnjevanju vlog, obrazcev,..), sodelovanja strokovnih sodelavcev dru\u0161tva z dr\u017eavnimi institucijami v zvezi s pridobitvijo posamezne pravice distrofika (socialne pomo\u010di, pomo\u010di na domu, dru\u017einskega pomo\u010dnika za dru\u017einske \u010dlane distrofika,&#8230;) ter sodelovanje z drugimi izvajalci socialno varstvenih storitev v doma\u010dem okolju distrofika. Pomemben segment prve socialne pomo\u010di predstavljajo tudi obiski distrofikov na sede\u017eu dru\u0161tva in na domu pri distrofikih, ki nas iz razli\u010dnih vzrokov ne morejo obiskati na sede\u017eu na\u0161e organizacije (oddaljenost, starost, bolezen\u2026) s katerimi se seznanimo v kak\u0161nih \u017eivljenjskih razmerah \u017eivijo.<\/p>\n<p>[\/vc_column_text][vc_separator type=&#8221;transparent&#8221; position=&#8221;center&#8221; width_in_percentages=&#8221;&#8221; down=&#8221;30&#8243;][\/vc_column][\/vc_row]<\/p>\n<\/div>","protected":false},"excerpt":{"rendered":"<p>[vc_row row_type=&#8221;row&#8221; type=&#8221;full_width&#8221; text_align=&#8221;left&#8221; background_color=&#8221;#ffffff&#8221; padding_top=&#8221;20&#8243;][vc_column width=&#8221;1\/1&#8243;][vc_gallery type=&#8221;flexslider_slide&#8221; interval=&#8221;3&#8243; images=&#8221;17094,17096,17093&#8243; onclick=&#8221;link_no&#8221; custom_links_target=&#8221;_self&#8221; column_number=&#8221;2&#8243; grayscale=&#8221;no&#8221; choose_frame=&#8221;default&#8221; img_size=&#8221;full&#8221; images_space=&#8221;gallery_without_space&#8221;][vc_separator type=&#8221;transparent&#8221; position=&#8221;center&#8221; up=&#8221;15&#8243; down=&#8221;10&#8243;][vc_column_text] Prva socialna pomo\u010d [\/vc_column_text][vc_separator type=&#8221;small&#8221; position=&#8221;left&#8221; up=&#8221;16&#8243; down=&#8221;12&#8243;][vc_column_text] Program zajema pomo\u010d pri prepoznavanju in opredelitvi socialne stiske in te\u017eave, oceno mo\u017enih re\u0161itev ter seznanitev&#8230;<\/p>\n","protected":false},"author":1,"featured_media":0,"parent":16130,"menu_order":0,"comment_status":"open","ping_status":"open","template":"","meta":{"_exactmetrics_skip_tracking":false,"_exactmetrics_sitenote_active":false,"_exactmetrics_sitenote_note":"","_exactmetrics_sitenote_category":0,"footnotes":""},"class_list":["post-16169","page","type-page","status-publish","hentry"],"publishpress_future_action":{"enabled":false,"date":"2026-05-05 04:00:02","action":"change-status","newStatus":"draft","terms":[],"taxonomy":"","extraData":[]},"publishpress_future_workflow_manual_trigger":{"enabledWorkflows":[]},"_links":{"self":[{"href":"http:\/\/www.drustvo-distrofikov.si\/index.php?rest_route=\/wp\/v2\/pages\/16169","targetHints":{"allow":["GET"]}}],"collection":[{"href":"http:\/\/www.drustvo-distrofikov.si\/index.php?rest_route=\/wp\/v2\/pages"}],"about":[{"href":"http:\/\/www.drustvo-distrofikov.si\/index.php?rest_route=\/wp\/v2\/types\/page"}],"author":[{"embeddable":true,"href":"http:\/\/www.drustvo-distrofikov.si\/index.php?rest_route=\/wp\/v2\/users\/1"}],"replies":[{"embeddable":true,"href":"http:\/\/www.drustvo-distrofikov.si\/index.php?rest_route=%2Fwp%2Fv2%2Fcomments&post=16169"}],"version-history":[{"count":0,"href":"http:\/\/www.drustvo-distrofikov.si\/index.php?rest_route=\/wp\/v2\/pages\/16169\/revisions"}],"up":[{"embeddable":true,"href":"http:\/\/www.drustvo-distrofikov.si\/index.php?rest_route=\/wp\/v2\/pages\/16130"}],"wp:attachment":[{"href":"http:\/\/www.drustvo-distrofikov.si\/index.php?rest_route=%2Fwp%2Fv2%2Fmedia&parent=16169"}],"curies":[{"name":"wp","href":"https:\/\/api.w.org\/{rel}","templated":true}]}}