{"id":16571,"date":"2015-08-20T11:35:04","date_gmt":"2015-08-20T11:35:04","guid":{"rendered":"http:\/\/www.test1dds.si\/?page_id=16571"},"modified":"2024-03-25T10:39:27","modified_gmt":"2024-03-25T09:39:27","slug":"publikacije-o-zmo","status":"publish","type":"page","link":"http:\/\/www.drustvo-distrofikov.si\/?page_id=16571","title":{"rendered":"Publikacije"},"content":{"rendered":"<div class=\"wpb-content-wrapper\"><p>[vc_row css_animation=&#8221;&#8221; row_type=&#8221;row&#8221; use_row_as_full_screen_section=&#8221;no&#8221; type=&#8221;grid&#8221; angled_section=&#8221;no&#8221; text_align=&#8221;left&#8221; background_image_as_pattern=&#8221;without_pattern&#8221; background_color=&#8221;#ffffff&#8221; padding_top=&#8221;30&#8243;][vc_column][vc_column_text]<\/p>\n<p>Zbrane publikacije v slovenskem jeziku, ki na strokoven ali poljuden na\u010din opisujejo mi\u0161i\u010dna in \u017eiv\u010dno-mi\u0161i\u010dna obolenja, smernice za distrofike, njihove bli\u017enje in ostale. Dodane so tudi druge publikacije, ki jih ustvarjajo na\u0161i \u010dlani dru\u0161tva.<\/p>\n<p>[\/vc_column_text][vc_separator type=&#8221;transparent&#8221; up=&#8221;7&#8243; down=&#8221;38&#8243;]<blockquote class='' style='background-color: #dd9933;'><h5 class='blockquote-text' style=''>Strokovne publikacije<\/h5><\/blockquote><div class='cover_boxes' data-active-element='1'><ul class='clearfix'><li><div class='box'><a itemprop='url' class='thumb' href='http:\/\/www.drustvo-distrofikov.si\/wp-content\/uploads\/2016\/02\/DMD_FG2010_SL_v2.pdf' target='_blank'><img itemprop='image' alt='Diagnoza in vodenje Duchennove mi\u0161i\u010dne distrofije' src='http:\/\/www.drustvo-distrofikov.si\/wp-content\/uploads\/2015\/08\/DMD1.jpg' \/><\/a><div class='box_content'><h3>Diagnoza in vodenje Duchennove mi\u0161i\u010dne distrofije<\/h3><p>Dr. sc. Marija Meznari\u010d, dr. med.<\/p><a itemprop='url' class='qbutton tiny' href='http:\/\/www.drustvo-distrofikov.si\/wp-content\/uploads\/2016\/02\/DMD_FG2010_SL_v2.pdf' target='_blank'>ODPRI<\/a><\/div><\/div><\/li><li><div class='box'><a itemprop='url' class='thumb' href='http:\/\/www.drustvo-distrofikov.si\/wp-content\/uploads\/2016\/05\/SMA-koncni.pdf' target='_blank'><img itemprop='image' alt='Smernice za vodenje spinalne mi\u0161i\u010dne atrofije' src='http:\/\/www.drustvo-distrofikov.si\/wp-content\/uploads\/2015\/08\/SMA-vodn.jpg' \/><\/a><div class='box_content'><h3>Smernice za vodenje spinalne mi\u0161i\u010dne atrofije<\/h3><p>Dr. sc. Marija Meznari\u010d, dr. med.<\/p><a itemprop='url' class='qbutton tiny' href='http:\/\/www.drustvo-distrofikov.si\/wp-content\/uploads\/2016\/05\/SMA-koncni.pdf' target='_blank'>ODPRI<\/a><\/div><\/div><\/li><li><div class='box'><a itemprop='url' class='thumb' href='' target='_self'><img itemprop='image' alt='Tudi jaz sem sposoben plavati: priroc\u030cnik za plavanje distrofikov' src='http:\/\/www.drustvo-distrofikov.si\/wp-content\/uploads\/2015\/09\/pdf.png' \/><\/a><div class='box_content'><h3>Tudi jaz sem sposoben plavati: priroc\u030cnik za plavanje distrofikov<\/h3><p>prof.dr. Anton Zupan in Matej Plevnik (v pripravi)<\/p><\/div><\/div><\/li><\/ul><\/div>[vc_separator type=&#8221;normal&#8221; color=&#8221;#dd9933&#8243;]<div class='cover_boxes' data-active-element='1'><ul class='clearfix'><li><div class='box'><a itemprop='url' class='thumb' href='' target='_blank'><img itemprop='image' alt='O Pompejevi bolezni' src='http:\/\/www.drustvo-distrofikov.si\/wp-content\/uploads\/2015\/09\/pdf.png' \/><\/a><div class='box_content'><h3>O Pompejevi bolezni<\/h3><p>(v pripravi)<\/p><\/div><\/div><\/li><li><div class='box'><a itemprop='url' class='thumb' href='http:\/\/www.dmd-guide.org\/sl\/' target='_blank'><img itemprop='image' alt='Spletni vodnik: Diagnoza in vodenje Duchennove mi\u0161i\u010dne distrofije' src='http:\/\/www.drustvo-distrofikov.si\/wp-content\/uploads\/2015\/08\/DMD-vodn.jpg' \/><\/a><div class='box_content'><h3>Spletni vodnik: Diagnoza in vodenje Duchennove mi\u0161i\u010dne distrofije<\/h3><p>Dr. sc. Marija Meznari\u010d, dr. med.<\/p><a itemprop='url' class='qbutton tiny' href='http:\/\/www.dmd-guide.org\/sl\/' target='_blank'>ODPRI<\/a><\/div><\/div><\/li><li><div class='box'><a itemprop='url' class='thumb' href='http:\/\/www.drustvo-distrofikov.si\/wp-content\/uploads\/2019\/08\/Branilec-vesolja_starejsi.pdf' target='_blank'><img itemprop='image' alt='Branilec vesolja - za starej\u0161e otroke' src='http:\/\/www.drustvo-distrofikov.si\/wp-content\/uploads\/2019\/08\/branilecvesolja1st.jpg' \/><\/a><div class='box_content'><h3>Branilec vesolja - za starej\u0161e otroke<\/h3><p>Izobra\u017eevalna BRO\u0160URA ZA RAZTEZANJE za otroke z DMD<\/p><a itemprop='url' class='qbutton tiny' href='http:\/\/www.drustvo-distrofikov.si\/wp-content\/uploads\/2019\/08\/Branilec-vesolja_starejsi.pdf' target='_blank'>ODPRI<\/a><\/div><\/div><\/li><\/ul><\/div>[vc_separator type=&#8221;transparent&#8221; up=&#8221;7&#8243; down=&#8221;38&#8243;]<div class='cover_boxes' data-active-element='1'><ul class='clearfix'><li><div class='box'><a itemprop='url' class='thumb' href='http:\/\/www.drustvo-distrofikov.si\/wp-content\/uploads\/2019\/08\/Branilec-vesolja_mlajsi.pdf' target='_blank'><img itemprop='image' alt='Branilec vesolja - za mlaj\u0161e otroke' src='http:\/\/www.drustvo-distrofikov.si\/wp-content\/uploads\/2019\/08\/branilecvesolja1ml.jpg' \/><\/a><div class='box_content'><h3>Branilec vesolja - za mlaj\u0161e otroke<\/h3><p>Izobra\u017eevalna BRO\u0160URA ZA RAZTEZANJE za otroke z DMD<\/p><a itemprop='url' class='qbutton tiny' href='http:\/\/www.drustvo-distrofikov.si\/wp-content\/uploads\/2019\/08\/Branilec-vesolja_mlajsi.pdf' target='_blank'>ODPRI<\/a><\/div><\/div><\/li><li><div class='box'><a itemprop='url' class='thumb' href='http:\/\/www.drustvo-distrofikov.si\/?attachment_id=20362' target='_blank'><img itemprop='image' alt='Priro\u010dnik za delo z mladimi z mi\u0161i\u010dno distrofijo (MD)' src='http:\/\/www.drustvo-distrofikov.si\/wp-content\/uploads\/2024\/03\/prirocnik-1.png' \/><\/a><div class='box_content'><h3>Priro\u010dnik za delo z mladimi z mi\u0161i\u010dno distrofijo (MD)<\/h3><p><\/p><a itemprop='url' class='qbutton tiny' href='http:\/\/www.drustvo-distrofikov.si\/?attachment_id=20362' target='_blank'>ODPRI<\/a><\/div><\/div><\/li><li><div class='box'><a itemprop='url' class='thumb' href='http:\/\/www.drustvo-distrofikov.si\/wp-content\/uploads\/2024\/03\/PripomockiNaciniPomociDistrofike.pdf' target='_blank'><img itemprop='image' alt='Pripomo\u010dki in na\u010dini pomo\u010di za mi\u0161i\u010dno obolele - distrofike' src='http:\/\/www.drustvo-distrofikov.si\/wp-content\/uploads\/2024\/03\/prirocni.png' \/><\/a><div class='box_content'><h3>Pripomo\u010dki in na\u010dini pomo\u010di za mi\u0161i\u010dno obolele - distrofike<\/h3><p><\/p><a itemprop='url' class='qbutton tiny' href='http:\/\/www.drustvo-distrofikov.si\/wp-content\/uploads\/2024\/03\/PripomockiNaciniPomociDistrofike.pdf' target='_blank'>ODPRI<\/a><\/div><\/div><\/li><\/ul><\/div>[vc_separator type=&#8221;transparent&#8221; up=&#8221;7&#8243; down=&#8221;38&#8243;]<blockquote class='' style='background-color: #dd9933;'><h5 class='blockquote-text' style=''>Poljudne publikacije<\/h5><\/blockquote><div class='cover_boxes' data-active-element='1'><ul class='clearfix'><li><div class='box'><a itemprop='url' class='thumb' href='http:\/\/www.drustvo-distrofikov.si\/wp-content\/uploads\/2016\/05\/PesmaricaKOVACIC.pdf' target='_blank'><img itemprop='image' alt='Pesmarica OBRAZI ZGODBE V PESMI IN SLIKI' src='http:\/\/www.drustvo-distrofikov.si\/wp-content\/uploads\/2015\/08\/ribi.jpg' \/><\/a><div class='box_content'><h3>Pesmarica OBRAZI ZGODBE V PESMI IN SLIKI<\/h3><p>Jo\u017ee Kova\u010di\u010d-Jojo<\/p><a itemprop='url' class='qbutton tiny' href='http:\/\/www.drustvo-distrofikov.si\/wp-content\/uploads\/2016\/05\/PesmaricaKOVACIC.pdf' target='_blank'>ODPRI<\/a><\/div><\/div><\/li><li><div class='box'><a itemprop='url' class='thumb' href='' target='_self'><img itemprop='image' alt='Uganke' src='http:\/\/www.drustvo-distrofikov.si\/wp-content\/uploads\/2015\/09\/pdf.png' \/><\/a><div class='box_content'><h3>Uganke<\/h3><p>Katarina Urh (v pripravi)<\/p><\/div><\/div><\/li><li><div class='box'><a itemprop='url' class='thumb' href='' target='_self'><img itemprop='image' alt='' src='' \/><\/a><div class='box_content'><h3><\/h3><p><\/p><\/div><\/div><\/li><\/ul><\/div>[vc_separator type=&#8221;transparent&#8221; up=&#8221;26&#8243; down=&#8221;0&#8243;][\/vc_column][\/vc_row]<\/p>\n<\/div>","protected":false},"excerpt":{"rendered":"<p>[vc_row css_animation=&#8221;&#8221; row_type=&#8221;row&#8221; use_row_as_full_screen_section=&#8221;no&#8221; type=&#8221;grid&#8221; angled_section=&#8221;no&#8221; text_align=&#8221;left&#8221; background_image_as_pattern=&#8221;without_pattern&#8221; background_color=&#8221;#ffffff&#8221; padding_top=&#8221;30&#8243;][vc_column][vc_column_text] Zbrane publikacije v slovenskem jeziku, ki na strokoven ali poljuden na\u010din opisujejo mi\u0161i\u010dna in \u017eiv\u010dno-mi\u0161i\u010dna obolenja, smernice za distrofike, njihove bli\u017enje in ostale. Dodane so tudi druge publikacije, ki jih ustvarjajo na\u0161i \u010dlani dru\u0161tva. [\/vc_column_text][vc_separator&#8230;<\/p>\n","protected":false},"author":1,"featured_media":0,"parent":0,"menu_order":0,"comment_status":"open","ping_status":"open","template":"full_width.php","meta":{"_exactmetrics_skip_tracking":false,"_exactmetrics_sitenote_active":false,"_exactmetrics_sitenote_note":"","_exactmetrics_sitenote_category":0,"footnotes":""},"class_list":["post-16571","page","type-page","status-publish","hentry"],"publishpress_future_action":{"enabled":false,"date":"2026-05-08 08:52:22","action":"change-status","newStatus":"draft","terms":[],"taxonomy":"","extraData":[]},"publishpress_future_workflow_manual_trigger":{"enabledWorkflows":[]},"_links":{"self":[{"href":"http:\/\/www.drustvo-distrofikov.si\/index.php?rest_route=\/wp\/v2\/pages\/16571","targetHints":{"allow":["GET"]}}],"collection":[{"href":"http:\/\/www.drustvo-distrofikov.si\/index.php?rest_route=\/wp\/v2\/pages"}],"about":[{"href":"http:\/\/www.drustvo-distrofikov.si\/index.php?rest_route=\/wp\/v2\/types\/page"}],"author":[{"embeddable":true,"href":"http:\/\/www.drustvo-distrofikov.si\/index.php?rest_route=\/wp\/v2\/users\/1"}],"replies":[{"embeddable":true,"href":"http:\/\/www.drustvo-distrofikov.si\/index.php?rest_route=%2Fwp%2Fv2%2Fcomments&post=16571"}],"version-history":[{"count":14,"href":"http:\/\/www.drustvo-distrofikov.si\/index.php?rest_route=\/wp\/v2\/pages\/16571\/revisions"}],"predecessor-version":[{"id":20676,"href":"http:\/\/www.drustvo-distrofikov.si\/index.php?rest_route=\/wp\/v2\/pages\/16571\/revisions\/20676"}],"wp:attachment":[{"href":"http:\/\/www.drustvo-distrofikov.si\/index.php?rest_route=%2Fwp%2Fv2%2Fmedia&parent=16571"}],"curies":[{"name":"wp","href":"https:\/\/api.w.org\/{rel}","templated":true}]}}