{"id":16586,"date":"2015-09-03T06:15:06","date_gmt":"2015-09-03T06:15:06","guid":{"rendered":"http:\/\/www.test1dds.si\/?page_id=16586"},"modified":"2021-03-05T16:41:34","modified_gmt":"2021-03-05T15:41:34","slug":"donacije","status":"publish","type":"page","link":"http:\/\/www.drustvo-distrofikov.si\/?page_id=16586","title":{"rendered":"Donacije"},"content":{"rendered":"<div class=\"wpb-content-wrapper\"><p>[vc_row css_animation=&#8221;&#8221; row_type=&#8221;row&#8221; use_row_as_full_screen_section=&#8221;no&#8221; type=&#8221;grid&#8221; angled_section=&#8221;no&#8221; text_align=&#8221;left&#8221; background_image_as_pattern=&#8221;without_pattern&#8221; background_color=&#8221;#ffffff&#8221; padding_top=&#8221;87&#8243; padding_bottom=&#8221;78&#8243; el_class=&#8221;custom_color&#8221;][vc_column][vc_column_text]<\/p>\n<h2 style=\"text-align: center;\">Donirajte distrofikom<\/h2>\n<p>[\/vc_column_text][vc_separator type=&#8221;small&#8221; position=&#8221;center&#8221; up=&#8221;7&#8243; down=&#8221;38&#8243;][vc_column_text]<\/p>\n<h4 style=\"text-align: center;\">Mo\u017enosti za doniranje distrofikom je ve\u010d<\/h4>\n<p>[\/vc_column_text][vc_separator type=&#8221;transparent&#8221;][vc_column_text]<\/p>\n<p style=\"text-align: justify;\">Sodelavci Dru\u0161tva distrofikov Slovenije se neprestano trudimo pove\u010dati kakovost in obseg opravljenih storitev za distrofike. Pri tem pa pogosto naletimo na pomanjkanje finan\u010dnih virov. V primeru, da nam \u017eelite pri tem pomagati (\u010desar bomo seveda zelo veseli) lahko dru\u0161tvo tudi finan\u010dno podprete. Zbrana sredstva bomo porabili predvsem za financiranje dru\u0161tvenih posebnih socialnih programov. V primeru, da se odlo\u010dite za donacijo, lahko to storite na naslednje na\u010dine:<\/p>\n<p>[\/vc_column_text][\/vc_column][\/vc_row][vc_row css_animation=&#8221;&#8221; row_type=&#8221;row&#8221; use_row_as_full_screen_section=&#8221;no&#8221; type=&#8221;grid&#8221; angled_section=&#8221;no&#8221; text_align=&#8221;left&#8221; background_image_as_pattern=&#8221;without_pattern&#8221; background_color=&#8221;#ffffff&#8221; padding_bottom=&#8221;14&#8243;][vc_column][vc_row_inner row_type=&#8221;row&#8221; type=&#8221;full_width&#8221; text_align=&#8221;left&#8221; css_animation=&#8221;&#8221;][vc_column_inner width=&#8221;1\/3&#8243;]<div class=\"q_image_with_text_over\"><div class=\"shader\" ><\/div><img decoding=\"async\" itemprop=\"image\" src=\"http:\/\/www.drustvo-distrofikov.si\/wp-content\/uploads\/2015\/09\/upn1.jpg\" alt=\"\" \/><div class=\"text\"><table><tr><td><i class=\"qode_icon_font_awesome fa fa-opera icon_holder fa-3x\" style=\"color: #ffffff;border-color: rgba(255,255,255,0.6);\" ><\/i><h3 class=\"caption \" style=\"\">Nakazilo s polo\u017enico<\/h3><\/td><\/tr><\/table><table><tr><td><div class=\"desc\">Doniran znesek lahko dru\u0161tvu naka\u017eete z uporabo polo\u017enice (UPN obrazec).<\/p>\n<p>[vc_separator type=&#8217;transparent&#8217; position=&#8217;center&#8217; color=&#8221; thickness=&#8221; up=&#8217;10&#8217; down=&#8217;10&#8217;]<\/p>\n<p><a  itemprop=\"url\" href=\"\/?page_id=16736\" target=\"_self\" data-hover-border-color=\"#1abc9c\" class=\"qbutton  default\" style=\"color: #ffffff; border-color: #ffffff; \">NADALJUJ &gt;&gt;<\/a><\/div><\/td><\/tr><\/table><\/div><\/div>[vc_separator type=&#8221;transparent&#8221; up=&#8221;50&#8243; down=&#8221;2&#8243;][\/vc_column_inner][vc_column_inner width=&#8221;1\/3&#8243;]<div class=\"q_image_with_text_over\"><div class=\"shader\" ><\/div><img decoding=\"async\" itemprop=\"image\" src=\"http:\/\/www.drustvo-distrofikov.si\/wp-content\/uploads\/2015\/09\/dobrodelen.jpg\" alt=\"\" \/><div class=\"text\"><table><tr><td><i class=\"qode_icon_font_awesome fa fa-list-alt icon_holder fa-3x\" style=\"color: #ffffff;border-color: rgba(255,255,255,0.6);\" ><\/i><h3 class=\"caption \" style=\"\">1% dohodnina<\/h3><\/td><\/tr><\/table><table><tr><td><div class=\"desc\">Dav\u010dni zavezanci lahko do 1% dohodnine, odmerjene po Zakonu o dohodnini (ZDoh-2) in 60. \u010dlenom Zakona o interventnih ukrepih za pomo\u010d pri omilitvi posledic drugega vala epidemije COVID-19, namenite na\u0161emu dru\u0161tvu, ob tem pa va\u0161a odmera dohodnine ostane nespremenjena. Njen del, kot donacijo, namesto v dr\u017eavni prora\u010dun tako namenite Dru\u0161tvu distrofikov Slovenije.<\/p>\n<p>[vc_separator type=&#8217;transparent&#8217; position=&#8217;center&#8217; color=&#8221; thickness=&#8221; up=&#8217;10&#8217; down=&#8217;10&#8217;]<\/p>\n<p><a  itemprop=\"url\" href=\"\/?page_id=16709\" target=\"_self\" data-hover-border-color=\"#1abc9c\" class=\"qbutton  default\" style=\"color: #ffffff; border-color: #ffffff; \">NADALJUJ &gt;&gt;<\/a><\/div><\/td><\/tr><\/table><\/div><\/div>[vc_separator type=&#8221;transparent&#8221; up=&#8221;50&#8243; down=&#8221;2&#8243;][\/vc_column_inner][vc_column_inner width=&#8221;1\/3&#8243;]<div class=\"q_image_with_text_over\"><div class=\"shader\" ><\/div><img decoding=\"async\" itemprop=\"image\" src=\"http:\/\/www.drustvo-distrofikov.si\/wp-content\/uploads\/2014\/02\/banner2.jpg\" alt=\"q\" \/><div class=\"text\"><table><tr><td><i class=\"qode_icon_font_awesome fa fa-money icon_holder fa-3x\" style=\"color: #ffffff;border-color: rgba(255,255,255,0.6);\" ><\/i><h3 class=\"caption \" style=\"\">Nakazilo na dru\u0161tveni TRR<\/h3><\/td><\/tr><\/table><table><tr><td><div class=\"desc\">Donacijo lahko\u00a0naka\u017eete direktno na dru\u0161tveni transakcijski ra\u010dun.<\/p>\n<p>[vc_separator type=&#8217;transparent&#8217; position=&#8217;center&#8217; color=&#8221; thickness=&#8221; up=&#8217;10&#8217; down=&#8217;10&#8217;]<\/p>\n<p><a  itemprop=\"url\" href=\"\/?page_id=16731\" target=\"_self\" data-hover-border-color=\"#1abc9c\" class=\"qbutton  default\" style=\"color: #ffffff; border-color: #ffffff; \">NADALJUJ &gt;&gt;<\/a><\/div><\/td><\/tr><\/table><\/div><\/div>[vc_separator type=&#8221;transparent&#8221; up=&#8221;50&#8243; down=&#8221;2&#8243;][\/vc_column_inner][\/vc_row_inner][\/vc_column][\/vc_row]<\/p>\n<\/div>","protected":false},"excerpt":{"rendered":"<p>[vc_row css_animation=&#8221;&#8221; row_type=&#8221;row&#8221; use_row_as_full_screen_section=&#8221;no&#8221; type=&#8221;grid&#8221; angled_section=&#8221;no&#8221; text_align=&#8221;left&#8221; background_image_as_pattern=&#8221;without_pattern&#8221; background_color=&#8221;#ffffff&#8221; padding_top=&#8221;87&#8243; padding_bottom=&#8221;78&#8243; el_class=&#8221;custom_color&#8221;][vc_column][vc_column_text] Donirajte distrofikom [\/vc_column_text][vc_separator type=&#8221;small&#8221; position=&#8221;center&#8221; up=&#8221;7&#8243; down=&#8221;38&#8243;][vc_column_text] Mo\u017enosti za doniranje distrofikom je ve\u010d [\/vc_column_text][vc_separator type=&#8221;transparent&#8221;][vc_column_text] Sodelavci Dru\u0161tva distrofikov Slovenije se neprestano trudimo pove\u010dati kakovost in obseg opravljenih storitev za distrofike. Pri tem pa&#8230;<\/p>\n","protected":false},"author":1,"featured_media":0,"parent":0,"menu_order":0,"comment_status":"open","ping_status":"open","template":"full_width.php","meta":{"_exactmetrics_skip_tracking":false,"_exactmetrics_sitenote_active":false,"_exactmetrics_sitenote_note":"","_exactmetrics_sitenote_category":0,"footnotes":""},"class_list":["post-16586","page","type-page","status-publish","hentry"],"publishpress_future_action":{"enabled":false,"date":"2026-05-09 10:44:41","action":"change-status","newStatus":"draft","terms":[],"taxonomy":"","extraData":[]},"publishpress_future_workflow_manual_trigger":{"enabledWorkflows":[]},"_links":{"self":[{"href":"http:\/\/www.drustvo-distrofikov.si\/index.php?rest_route=\/wp\/v2\/pages\/16586","targetHints":{"allow":["GET"]}}],"collection":[{"href":"http:\/\/www.drustvo-distrofikov.si\/index.php?rest_route=\/wp\/v2\/pages"}],"about":[{"href":"http:\/\/www.drustvo-distrofikov.si\/index.php?rest_route=\/wp\/v2\/types\/page"}],"author":[{"embeddable":true,"href":"http:\/\/www.drustvo-distrofikov.si\/index.php?rest_route=\/wp\/v2\/users\/1"}],"replies":[{"embeddable":true,"href":"http:\/\/www.drustvo-distrofikov.si\/index.php?rest_route=%2Fwp%2Fv2%2Fcomments&post=16586"}],"version-history":[{"count":10,"href":"http:\/\/www.drustvo-distrofikov.si\/index.php?rest_route=\/wp\/v2\/pages\/16586\/revisions"}],"predecessor-version":[{"id":18932,"href":"http:\/\/www.drustvo-distrofikov.si\/index.php?rest_route=\/wp\/v2\/pages\/16586\/revisions\/18932"}],"wp:attachment":[{"href":"http:\/\/www.drustvo-distrofikov.si\/index.php?rest_route=%2Fwp%2Fv2%2Fmedia&parent=16586"}],"curies":[{"name":"wp","href":"https:\/\/api.w.org\/{rel}","templated":true}]}}