{"id":16709,"date":"2015-09-04T17:26:05","date_gmt":"2015-09-04T17:26:05","guid":{"rendered":"http:\/\/www.test1dds.si\/?page_id=16709"},"modified":"2021-03-05T16:47:18","modified_gmt":"2021-03-05T15:47:18","slug":"dohodnina","status":"publish","type":"page","link":"http:\/\/www.drustvo-distrofikov.si\/?page_id=16709","title":{"rendered":"Dohodnina"},"content":{"rendered":"<div class=\"wpb-content-wrapper\"><p>[vc_row css_animation=&#8221;&#8221; row_type=&#8221;row&#8221; use_row_as_full_screen_section=&#8221;no&#8221; type=&#8221;grid&#8221; angled_section=&#8221;no&#8221; text_align=&#8221;left&#8221; background_image_as_pattern=&#8221;without_pattern&#8221; padding_top=&#8221;87&#8243; background_color=&#8221;#ffffff&#8221; padding_bottom=&#8221;95&#8243;][vc_column][vc_column_text]<\/p>\n<h2 style=\"text-align: center;\">1% dohodnine<\/h2>\n<p>[\/vc_column_text][vc_separator type=&#8221;small&#8221; position=&#8221;center&#8221; down=&#8221;38&#8243; up=&#8221;7&#8243;][vc_column_text]<\/p>\n<h4 style=\"text-align: center;\">Ni\u010d vas ne stane, da ste dobrodelni. Podarite 1% dohodnine Dru\u0161tvu distrofikov Slovenije.<\/h4>\n<p>[\/vc_column_text][vc_separator type=&#8221;transparent&#8221; up=&#8221;10&#8243; down=&#8221;10&#8243;][vc_column_text]Dav\u010dni zavezanci lahko do 1% dohodnine, odmerjene po Zakonu o dohodnini (ZDoh-2) in 60. \u010dlenom Zakona o interventnih ukrepih za pomo\u010d pri omilitvi posledic drugega vala epidemije COVID-19, namenite na\u0161emu dru\u0161tvu, ob tem pa va\u0161a odmera dohodnine ostane nespremenjena. Njen del, kot donacijo, namesto v dr\u017eavni prora\u010dun tako namenite Dru\u0161tvu distrofikov Slovenije.<\/p>\n<p>V primeru, da se odlo\u010dite za to vrsto donacije,\u00a0natisnite spodnji\u00a0obrazec, ga izpolnite in po\u0161ljite na na\u0161 naslov: Dru\u0161tvo distrofikov Slovenije, Linhartova 1, 1000 Ljubljana.[\/vc_column_text]<blockquote class=' with_quote_icon' style='border-left-color: #dd9933;'><i class='fa fa-quote-right' style=''><\/i><h5 class='blockquote-text' style=''>Spodnji obrazec natisnite, izpolnite, podpi\u0161ite in nam ga po\u0161ljite na dru\u0161tvo:<\/h5><\/blockquote>[vc_single_image image=&#8221;16724&#8243; alignment=&#8221;center&#8221; onclick=&#8221;custom_link&#8221; img_link_target=&#8221;_blank&#8221; qode_css_animation=&#8221;&#8221; transition_delay=&#8221;0.3&#8243; link=&#8221;http:\/\/www.drustvo-distrofikov.si\/wp-content\/uploads\/2021\/03\/DDS-Dogodnina-032021.pdf&#8221;][\/vc_column][\/vc_row]<\/p>\n<\/div>","protected":false},"excerpt":{"rendered":"<p>[vc_row css_animation=&#8221;&#8221; row_type=&#8221;row&#8221; use_row_as_full_screen_section=&#8221;no&#8221; type=&#8221;grid&#8221; angled_section=&#8221;no&#8221; text_align=&#8221;left&#8221; background_image_as_pattern=&#8221;without_pattern&#8221; padding_top=&#8221;87&#8243; background_color=&#8221;#ffffff&#8221; padding_bottom=&#8221;95&#8243;][vc_column][vc_column_text] 1% dohodnine [\/vc_column_text][vc_separator type=&#8221;small&#8221; position=&#8221;center&#8221; down=&#8221;38&#8243; up=&#8221;7&#8243;][vc_column_text] Ni\u010d vas ne stane, da ste dobrodelni. Podarite 1% dohodnine Dru\u0161tvu distrofikov Slovenije. [\/vc_column_text][vc_separator type=&#8221;transparent&#8221; up=&#8221;10&#8243; down=&#8221;10&#8243;][vc_column_text]Dav\u010dni zavezanci lahko do 1% dohodnine, odmerjene po Zakonu o dohodnini&#8230;<\/p>\n","protected":false},"author":1,"featured_media":0,"parent":16586,"menu_order":0,"comment_status":"open","ping_status":"open","template":"full_width.php","meta":{"_exactmetrics_skip_tracking":false,"_exactmetrics_sitenote_active":false,"_exactmetrics_sitenote_note":"","_exactmetrics_sitenote_category":0,"footnotes":""},"class_list":["post-16709","page","type-page","status-publish","hentry"],"publishpress_future_action":{"enabled":false,"date":"2026-05-09 12:17:37","action":"change-status","newStatus":"draft","terms":[],"taxonomy":"","extraData":[]},"publishpress_future_workflow_manual_trigger":{"enabledWorkflows":[]},"_links":{"self":[{"href":"http:\/\/www.drustvo-distrofikov.si\/index.php?rest_route=\/wp\/v2\/pages\/16709","targetHints":{"allow":["GET"]}}],"collection":[{"href":"http:\/\/www.drustvo-distrofikov.si\/index.php?rest_route=\/wp\/v2\/pages"}],"about":[{"href":"http:\/\/www.drustvo-distrofikov.si\/index.php?rest_route=\/wp\/v2\/types\/page"}],"author":[{"embeddable":true,"href":"http:\/\/www.drustvo-distrofikov.si\/index.php?rest_route=\/wp\/v2\/users\/1"}],"replies":[{"embeddable":true,"href":"http:\/\/www.drustvo-distrofikov.si\/index.php?rest_route=%2Fwp%2Fv2%2Fcomments&post=16709"}],"version-history":[{"count":3,"href":"http:\/\/www.drustvo-distrofikov.si\/index.php?rest_route=\/wp\/v2\/pages\/16709\/revisions"}],"predecessor-version":[{"id":18936,"href":"http:\/\/www.drustvo-distrofikov.si\/index.php?rest_route=\/wp\/v2\/pages\/16709\/revisions\/18936"}],"up":[{"embeddable":true,"href":"http:\/\/www.drustvo-distrofikov.si\/index.php?rest_route=\/wp\/v2\/pages\/16586"}],"wp:attachment":[{"href":"http:\/\/www.drustvo-distrofikov.si\/index.php?rest_route=%2Fwp%2Fv2%2Fmedia&parent=16709"}],"curies":[{"name":"wp","href":"https:\/\/api.w.org\/{rel}","templated":true}]}}