{"id":16731,"date":"2015-09-04T18:29:23","date_gmt":"2015-09-04T18:29:23","guid":{"rendered":"http:\/\/www.test1dds.si\/?page_id=16731"},"modified":"2024-09-02T13:53:34","modified_gmt":"2024-09-02T11:53:34","slug":"direktno-nakazilo-trr","status":"publish","type":"page","link":"http:\/\/www.drustvo-distrofikov.si\/?page_id=16731","title":{"rendered":"Direktno nakazilo TRR"},"content":{"rendered":"<div class=\"wpb-content-wrapper\"><p>[vc_row css_animation=&#8221;&#8221; row_type=&#8221;row&#8221; use_row_as_full_screen_section=&#8221;no&#8221; type=&#8221;grid&#8221; angled_section=&#8221;no&#8221; text_align=&#8221;left&#8221; background_image_as_pattern=&#8221;without_pattern&#8221; padding_top=&#8221;87&#8243; background_color=&#8221;#ffffff&#8221; padding_bottom=&#8221;95&#8243;][vc_column][vc_column_text]<\/p>\n<h2 style=\"text-align: center;\">Nakazilo na dru\u0161tven TRR<\/h2>\n<p>[\/vc_column_text][vc_separator type=&#8221;small&#8221; position=&#8221;center&#8221; down=&#8221;38&#8243; up=&#8221;7&#8243;][vc_column_text]<\/p>\n<h4 style=\"text-align: center;\">Donacijo lahko naka\u017eete direktno na dru\u0161tveni transakcijski ra\u010dun (TRR).<\/h4>\n<p>[\/vc_column_text][vc_separator type=&#8221;transparent&#8221; up=&#8221;10&#8243; down=&#8221;10&#8243;][vc_column_text]\u017deleni znesek donacije lahko naka\u017eete direktno na dru\u0161tveni transakcijski ra\u010dun, odprt pri banki OTP. Pri tem uporabite naslednje podatke:<\/p>\n<ul>\n<li>\u0161tevilka ra\u010duna (IBAN): SI56 0400 0027 8834 492<\/li>\n<li>sklic (referenca): 967-506<\/li>\n<\/ul>\n<p>[\/vc_column_text][\/vc_column][\/vc_row]<\/p>\n<\/div>","protected":false},"excerpt":{"rendered":"<p>[vc_row css_animation=&#8221;&#8221; row_type=&#8221;row&#8221; use_row_as_full_screen_section=&#8221;no&#8221; type=&#8221;grid&#8221; angled_section=&#8221;no&#8221; text_align=&#8221;left&#8221; background_image_as_pattern=&#8221;without_pattern&#8221; padding_top=&#8221;87&#8243; background_color=&#8221;#ffffff&#8221; padding_bottom=&#8221;95&#8243;][vc_column][vc_column_text] Nakazilo na dru\u0161tven TRR [\/vc_column_text][vc_separator type=&#8221;small&#8221; position=&#8221;center&#8221; down=&#8221;38&#8243; up=&#8221;7&#8243;][vc_column_text] Donacijo lahko naka\u017eete direktno na dru\u0161tveni transakcijski ra\u010dun (TRR). [\/vc_column_text][vc_separator type=&#8221;transparent&#8221; up=&#8221;10&#8243; down=&#8221;10&#8243;][vc_column_text]\u017deleni znesek donacije lahko naka\u017eete direktno na dru\u0161tveni transakcijski ra\u010dun, odprt pri banki&#8230;<\/p>\n","protected":false},"author":1,"featured_media":0,"parent":16586,"menu_order":0,"comment_status":"open","ping_status":"open","template":"full_width.php","meta":{"_exactmetrics_skip_tracking":false,"_exactmetrics_sitenote_active":false,"_exactmetrics_sitenote_note":"","_exactmetrics_sitenote_category":0,"footnotes":""},"class_list":["post-16731","page","type-page","status-publish","hentry"],"publishpress_future_action":{"enabled":false,"date":"2026-05-09 12:34:58","action":"change-status","newStatus":"draft","terms":[],"taxonomy":"","extraData":[]},"publishpress_future_workflow_manual_trigger":{"enabledWorkflows":[]},"_links":{"self":[{"href":"http:\/\/www.drustvo-distrofikov.si\/index.php?rest_route=\/wp\/v2\/pages\/16731","targetHints":{"allow":["GET"]}}],"collection":[{"href":"http:\/\/www.drustvo-distrofikov.si\/index.php?rest_route=\/wp\/v2\/pages"}],"about":[{"href":"http:\/\/www.drustvo-distrofikov.si\/index.php?rest_route=\/wp\/v2\/types\/page"}],"author":[{"embeddable":true,"href":"http:\/\/www.drustvo-distrofikov.si\/index.php?rest_route=\/wp\/v2\/users\/1"}],"replies":[{"embeddable":true,"href":"http:\/\/www.drustvo-distrofikov.si\/index.php?rest_route=%2Fwp%2Fv2%2Fcomments&post=16731"}],"version-history":[{"count":2,"href":"http:\/\/www.drustvo-distrofikov.si\/index.php?rest_route=\/wp\/v2\/pages\/16731\/revisions"}],"predecessor-version":[{"id":20854,"href":"http:\/\/www.drustvo-distrofikov.si\/index.php?rest_route=\/wp\/v2\/pages\/16731\/revisions\/20854"}],"up":[{"embeddable":true,"href":"http:\/\/www.drustvo-distrofikov.si\/index.php?rest_route=\/wp\/v2\/pages\/16586"}],"wp:attachment":[{"href":"http:\/\/www.drustvo-distrofikov.si\/index.php?rest_route=%2Fwp%2Fv2%2Fmedia&parent=16731"}],"curies":[{"name":"wp","href":"https:\/\/api.w.org\/{rel}","templated":true}]}}