{"id":16877,"date":"2015-09-11T14:07:53","date_gmt":"2015-09-11T12:07:53","guid":{"rendered":"http:\/\/www.test1dds.si\/?page_id=16877"},"modified":"2023-10-27T14:43:56","modified_gmt":"2023-10-27T12:43:56","slug":"postani-redni-clan-2","status":"publish","type":"page","link":"http:\/\/www.drustvo-distrofikov.si\/?page_id=16877","title":{"rendered":"Postani redni \u010dlan"},"content":{"rendered":"<div class=\"wpb-content-wrapper\"><p>[vc_row css_animation=&#8221;&#8221; row_type=&#8221;row&#8221; use_row_as_full_screen_section=&#8221;no&#8221; type=&#8221;grid&#8221; angled_section=&#8221;no&#8221; text_align=&#8221;left&#8221; background_image_as_pattern=&#8221;without_pattern&#8221; padding_top=&#8221;87&#8243; background_color=&#8221;#ffffff&#8221; padding_bottom=&#8221;95&#8243;][vc_column][vc_column_text]<\/p>\n<h2 style=\"text-align: center;\">Postani redni \u010dlan dru\u0161tva<\/h2>\n<p>[\/vc_column_text][vc_separator type=&#8221;small&#8221; position=&#8221;center&#8221; down=&#8221;38&#8243; up=&#8221;7&#8243;][vc_column_text]Redni \u010dlan dru\u0161tva lahko postane vsak dr\u017eavljan Republike Slovenije, kdor ima katero od oblik mi\u0161i\u010dno in \u017eiv\u010dno-mi\u0161i\u010dnih obolenj, ki povzro\u010dajo invalidnost, zaradi katere ne more sam delno ali v celoti zadovoljevati potreb osebnega, dru\u017einskega in dru\u017ebenega \u017eivljenja. Seznam diagnoz, ki opredeljuje distrofike z okvarami spodnjega motori\u010dnega nevrona, sprejme ob\u010dni zbor dru\u0161tva.<\/p>\n<p>&nbsp;<\/p>\n<p>Postopek za v\u010dlanitev je slede\u010d: posameznik po\u0161lje kratko pisno pro\u0161njo za v\u010dlanitev, zraven pa prilo\u017ei fotokopijo izvida iz katerega naj bo razvidna diagnoza (ena od oblik mi\u0161i\u010dnega obolenja). Po prejetih dokumentih vam bo strokovna slu\u017eba dru\u0161tva poslala v izpolnitev pristopnico za v\u010dlanitev, anketni vpra\u0161alnik in druge koristne informacije. Letna \u010dlanarina je 15,00 EUR.[\/vc_column_text][\/vc_column][\/vc_row]<\/p>\n<\/div>","protected":false},"excerpt":{"rendered":"<p>[vc_row css_animation=&#8221;&#8221; row_type=&#8221;row&#8221; use_row_as_full_screen_section=&#8221;no&#8221; type=&#8221;grid&#8221; angled_section=&#8221;no&#8221; text_align=&#8221;left&#8221; background_image_as_pattern=&#8221;without_pattern&#8221; padding_top=&#8221;87&#8243; background_color=&#8221;#ffffff&#8221; padding_bottom=&#8221;95&#8243;][vc_column][vc_column_text] Postani redni \u010dlan dru\u0161tva [\/vc_column_text][vc_separator type=&#8221;small&#8221; position=&#8221;center&#8221; down=&#8221;38&#8243; up=&#8221;7&#8243;][vc_column_text]Redni \u010dlan dru\u0161tva lahko postane vsak dr\u017eavljan Republike Slovenije, kdor ima katero od oblik mi\u0161i\u010dno in \u017eiv\u010dno-mi\u0161i\u010dnih obolenj, ki povzro\u010dajo invalidnost, zaradi katere ne more sam&#8230;<\/p>\n","protected":false},"author":1,"featured_media":0,"parent":0,"menu_order":0,"comment_status":"open","ping_status":"open","template":"full_width.php","meta":{"_exactmetrics_skip_tracking":false,"_exactmetrics_sitenote_active":false,"_exactmetrics_sitenote_note":"","_exactmetrics_sitenote_category":0,"footnotes":""},"class_list":["post-16877","page","type-page","status-publish","hentry"],"publishpress_future_action":{"enabled":false,"date":"2026-05-01 20:40:55","action":"change-status","newStatus":"draft","terms":[],"taxonomy":"","extraData":[]},"publishpress_future_workflow_manual_trigger":{"enabledWorkflows":[]},"_links":{"self":[{"href":"http:\/\/www.drustvo-distrofikov.si\/index.php?rest_route=\/wp\/v2\/pages\/16877","targetHints":{"allow":["GET"]}}],"collection":[{"href":"http:\/\/www.drustvo-distrofikov.si\/index.php?rest_route=\/wp\/v2\/pages"}],"about":[{"href":"http:\/\/www.drustvo-distrofikov.si\/index.php?rest_route=\/wp\/v2\/types\/page"}],"author":[{"embeddable":true,"href":"http:\/\/www.drustvo-distrofikov.si\/index.php?rest_route=\/wp\/v2\/users\/1"}],"replies":[{"embeddable":true,"href":"http:\/\/www.drustvo-distrofikov.si\/index.php?rest_route=%2Fwp%2Fv2%2Fcomments&post=16877"}],"version-history":[{"count":3,"href":"http:\/\/www.drustvo-distrofikov.si\/index.php?rest_route=\/wp\/v2\/pages\/16877\/revisions"}],"predecessor-version":[{"id":20487,"href":"http:\/\/www.drustvo-distrofikov.si\/index.php?rest_route=\/wp\/v2\/pages\/16877\/revisions\/20487"}],"wp:attachment":[{"href":"http:\/\/www.drustvo-distrofikov.si\/index.php?rest_route=%2Fwp%2Fv2%2Fmedia&parent=16877"}],"curies":[{"name":"wp","href":"https:\/\/api.w.org\/{rel}","templated":true}]}}