{"id":16880,"date":"2015-09-11T14:11:47","date_gmt":"2015-09-11T12:11:47","guid":{"rendered":"http:\/\/www.test1dds.si\/?page_id=16880"},"modified":"2025-10-02T11:16:42","modified_gmt":"2025-10-02T09:16:42","slug":"postani-podporni-clan","status":"publish","type":"page","link":"http:\/\/www.drustvo-distrofikov.si\/?page_id=16880","title":{"rendered":"Postani podporni \u010dlan"},"content":{"rendered":"<div class=\"wpb-content-wrapper\"><p>[vc_row css_animation=&#8221;&#8221; row_type=&#8221;row&#8221; use_row_as_full_screen_section=&#8221;no&#8221; type=&#8221;grid&#8221; angled_section=&#8221;no&#8221; text_align=&#8221;left&#8221; background_image_as_pattern=&#8221;without_pattern&#8221; padding_top=&#8221;87&#8243; background_color=&#8221;#ffffff&#8221; padding_bottom=&#8221;95&#8243;][vc_column][vc_column_text]<\/p>\n<h2 style=\"text-align: center;\">Postani podporni\u00a0\u010dlan dru\u0161tva<\/h2>\n<p>[\/vc_column_text][vc_separator type=&#8221;small&#8221; position=&#8221;center&#8221; down=&#8221;38&#8243; up=&#8221;7&#8243;][vc_column_text css=&#8221;&#8221;]Podporni \u010dlan lahko postane vsak dr\u017eavljan Republike Slovenije, ki izra\u017ea skrb za so\u010dloveka s tem, da prostovoljno deluje v korist distrofikov. Tudi tuj dr\u017eavljan se lahko v\u010dlani pod enakimi pogoji. Podporni \u010dlan ne more biti koristnik dru\u0161tvenih posebnih socialnih programov.<\/p>\n<p>&nbsp;<\/p>\n<p>Postopek za v\u010dlanitev je slede\u010d: posameznik po\u0161lje kratko pisno pro\u0161njo za v\u010dlanitev. Po prejeti pro\u0161nji vam bo strokovna slu\u017eba dru\u0161tva poslala v izpolnitev pristopnico za v\u010dlanitev. Letna \u010dlanarina je 15,00 EUR.[\/vc_column_text][\/vc_column][\/vc_row]<\/p>\n<\/div>","protected":false},"excerpt":{"rendered":"<p>[vc_row css_animation=&#8221;&#8221; row_type=&#8221;row&#8221; use_row_as_full_screen_section=&#8221;no&#8221; type=&#8221;grid&#8221; angled_section=&#8221;no&#8221; text_align=&#8221;left&#8221; background_image_as_pattern=&#8221;without_pattern&#8221; padding_top=&#8221;87&#8243; background_color=&#8221;#ffffff&#8221; padding_bottom=&#8221;95&#8243;][vc_column][vc_column_text] Postani podporni\u00a0\u010dlan dru\u0161tva [\/vc_column_text][vc_separator type=&#8221;small&#8221; position=&#8221;center&#8221; down=&#8221;38&#8243; up=&#8221;7&#8243;][vc_column_text css=&#8221;&#8221;]Podporni \u010dlan lahko postane vsak dr\u017eavljan Republike Slovenije, ki izra\u017ea skrb za so\u010dloveka s tem, da prostovoljno deluje v korist distrofikov. Tudi tuj dr\u017eavljan se lahko&#8230;<\/p>\n","protected":false},"author":1,"featured_media":0,"parent":0,"menu_order":0,"comment_status":"open","ping_status":"open","template":"full_width.php","meta":{"_exactmetrics_skip_tracking":false,"_exactmetrics_sitenote_active":false,"_exactmetrics_sitenote_note":"","_exactmetrics_sitenote_category":0,"footnotes":""},"class_list":["post-16880","page","type-page","status-publish","hentry"],"publishpress_future_action":{"enabled":false,"date":"2026-05-22 20:31:15","action":"change-status","newStatus":"draft","terms":[],"taxonomy":"","extraData":[]},"publishpress_future_workflow_manual_trigger":{"enabledWorkflows":[]},"_links":{"self":[{"href":"http:\/\/www.drustvo-distrofikov.si\/index.php?rest_route=\/wp\/v2\/pages\/16880","targetHints":{"allow":["GET"]}}],"collection":[{"href":"http:\/\/www.drustvo-distrofikov.si\/index.php?rest_route=\/wp\/v2\/pages"}],"about":[{"href":"http:\/\/www.drustvo-distrofikov.si\/index.php?rest_route=\/wp\/v2\/types\/page"}],"author":[{"embeddable":true,"href":"http:\/\/www.drustvo-distrofikov.si\/index.php?rest_route=\/wp\/v2\/users\/1"}],"replies":[{"embeddable":true,"href":"http:\/\/www.drustvo-distrofikov.si\/index.php?rest_route=%2Fwp%2Fv2%2Fcomments&post=16880"}],"version-history":[{"count":2,"href":"http:\/\/www.drustvo-distrofikov.si\/index.php?rest_route=\/wp\/v2\/pages\/16880\/revisions"}],"predecessor-version":[{"id":21209,"href":"http:\/\/www.drustvo-distrofikov.si\/index.php?rest_route=\/wp\/v2\/pages\/16880\/revisions\/21209"}],"wp:attachment":[{"href":"http:\/\/www.drustvo-distrofikov.si\/index.php?rest_route=%2Fwp%2Fv2%2Fmedia&parent=16880"}],"curies":[{"name":"wp","href":"https:\/\/api.w.org\/{rel}","templated":true}]}}