{"id":17550,"date":"2016-02-18T10:25:01","date_gmt":"2016-02-18T08:25:01","guid":{"rendered":"http:\/\/www.drustvo-distrofikov.si\/?page_id=17550"},"modified":"2016-02-18T10:25:38","modified_gmt":"2016-02-18T08:25:38","slug":"fizicna-pomoc-in-zivljenjska-oskrba","status":"publish","type":"page","link":"http:\/\/www.drustvo-distrofikov.si\/?page_id=17550","title":{"rendered":"Fizi\u010dna pomo\u010d in \u017eivljenjska oskrba"},"content":{"rendered":"<div class=\"wpb-content-wrapper\"><p>[vc_row row_type=&#8221;row&#8221; type=&#8221;full_width&#8221; text_align=&#8221;left&#8221; background_color=&#8221;#ffffff&#8221; padding_top=&#8221;20&#8243;][vc_column width=&#8221;1\/1&#8243;][vc_gallery type=&#8221;flexslider_slide&#8221; interval=&#8221;3&#8243; images=&#8221;15347&#8243; onclick=&#8221;link_no&#8221; custom_links_target=&#8221;_self&#8221; column_number=&#8221;2&#8243; grayscale=&#8221;no&#8221; choose_frame=&#8221;default&#8221; img_size=&#8221;full&#8221; images_space=&#8221;gallery_without_space&#8221;][vc_separator type=&#8221;transparent&#8221; position=&#8221;center&#8221; up=&#8221;15&#8243; down=&#8221;10&#8243;][vc_column_text]<\/p>\n<h5>Fizi\u010dna pomo\u010d in \u017eivljenjska oskrba<\/h5>\n<p>[\/vc_column_text][vc_separator type=&#8221;small&#8221; position=&#8221;left&#8221; up=&#8221;16&#8243; down=&#8221;12&#8243;][vc_column_text]<\/p>\n<p>Program je namenjen distrofikom, ki imajo zagotovljene bivalne in druge pogoje v svojem bivalnem okolju, a se zaradi starosti ali invalidnosti ne morejo oskrbovati sami, njihovi svojci pa iz razli\u010dnih razlogov (bolezen, po\u0161kodbe, letni oddih, slu\u017ebena zadr\u017eanost) za\u010dasno take pomo\u010di in oskrbe ne zmorejo izvajati. Program zagotavlja tudi fizi\u010dno pomo\u010d distrofikom, ko potrebujejo zdravstvene preglede, morajo opraviti slu\u017ebene in druge obveznosti ter zajema celostno oskrbo v situacijah in primerih, ko se distrofik znajde v polo\u017eaju, ko sam, njegovi bli\u017enji sorodniki ali njegova (ne)formalna socialna mre\u017ea potrebne pomo\u010di ne more zagotoviti. V programu bomo nudili pomo\u010d in oskrbo pri vseh \u017eivljenjskih aktivnostih, ki jih sam ne zmore zaradi svoje te\u017eje invalidnosti.<\/p>\n<p>[\/vc_column_text][vc_separator type=&#8221;transparent&#8221; position=&#8221;center&#8221; width_in_percentages=&#8221;&#8221; down=&#8221;30&#8243;][\/vc_column][\/vc_row]<\/p>\n<\/div>","protected":false},"excerpt":{"rendered":"<p>[vc_row row_type=&#8221;row&#8221; type=&#8221;full_width&#8221; text_align=&#8221;left&#8221; background_color=&#8221;#ffffff&#8221; padding_top=&#8221;20&#8243;][vc_column width=&#8221;1\/1&#8243;][vc_gallery type=&#8221;flexslider_slide&#8221; interval=&#8221;3&#8243; images=&#8221;15347&#8243; onclick=&#8221;link_no&#8221; custom_links_target=&#8221;_self&#8221; column_number=&#8221;2&#8243; grayscale=&#8221;no&#8221; choose_frame=&#8221;default&#8221; img_size=&#8221;full&#8221; images_space=&#8221;gallery_without_space&#8221;][vc_separator type=&#8221;transparent&#8221; position=&#8221;center&#8221; up=&#8221;15&#8243; down=&#8221;10&#8243;][vc_column_text] Fizi\u010dna pomo\u010d in \u017eivljenjska oskrba [\/vc_column_text][vc_separator type=&#8221;small&#8221; position=&#8221;left&#8221; up=&#8221;16&#8243; down=&#8221;12&#8243;][vc_column_text] Program je namenjen distrofikom, ki imajo zagotovljene bivalne in druge pogoje v svojem bivalnem&#8230;<\/p>\n","protected":false},"author":1,"featured_media":0,"parent":16130,"menu_order":0,"comment_status":"open","ping_status":"open","template":"","meta":{"_exactmetrics_skip_tracking":false,"_exactmetrics_sitenote_active":false,"_exactmetrics_sitenote_note":"","_exactmetrics_sitenote_category":0,"footnotes":""},"class_list":["post-17550","page","type-page","status-publish","hentry"],"publishpress_future_action":{"enabled":false,"date":"2026-05-05 05:39:07","action":"change-status","newStatus":"draft","terms":[],"taxonomy":"","extraData":[]},"publishpress_future_workflow_manual_trigger":{"enabledWorkflows":[]},"_links":{"self":[{"href":"http:\/\/www.drustvo-distrofikov.si\/index.php?rest_route=\/wp\/v2\/pages\/17550","targetHints":{"allow":["GET"]}}],"collection":[{"href":"http:\/\/www.drustvo-distrofikov.si\/index.php?rest_route=\/wp\/v2\/pages"}],"about":[{"href":"http:\/\/www.drustvo-distrofikov.si\/index.php?rest_route=\/wp\/v2\/types\/page"}],"author":[{"embeddable":true,"href":"http:\/\/www.drustvo-distrofikov.si\/index.php?rest_route=\/wp\/v2\/users\/1"}],"replies":[{"embeddable":true,"href":"http:\/\/www.drustvo-distrofikov.si\/index.php?rest_route=%2Fwp%2Fv2%2Fcomments&post=17550"}],"version-history":[{"count":0,"href":"http:\/\/www.drustvo-distrofikov.si\/index.php?rest_route=\/wp\/v2\/pages\/17550\/revisions"}],"up":[{"embeddable":true,"href":"http:\/\/www.drustvo-distrofikov.si\/index.php?rest_route=\/wp\/v2\/pages\/16130"}],"wp:attachment":[{"href":"http:\/\/www.drustvo-distrofikov.si\/index.php?rest_route=%2Fwp%2Fv2%2Fmedia&parent=17550"}],"curies":[{"name":"wp","href":"https:\/\/api.w.org\/{rel}","templated":true}]}}