{"id":19358,"date":"2021-12-15T08:17:22","date_gmt":"2021-12-15T07:17:22","guid":{"rendered":"http:\/\/www.drustvo-distrofikov.si\/?page_id=19358"},"modified":"2021-12-15T08:20:52","modified_gmt":"2021-12-15T07:20:52","slug":"podarim-prodam-iscem-2","status":"publish","type":"page","link":"http:\/\/www.drustvo-distrofikov.si\/?page_id=19358","title":{"rendered":"Zaposlimo"},"content":{"rendered":"<div class=\"wpb-content-wrapper\"><p>[vc_row css_animation=&#8221;&#8221; row_type=&#8221;row&#8221; use_row_as_full_screen_section=&#8221;no&#8221; type=&#8221;grid&#8221; angled_section=&#8221;no&#8221; text_align=&#8221;left&#8221; background_image_as_pattern=&#8221;without_pattern&#8221; background_color=&#8221;#ffffff&#8221; padding_top=&#8221;15&#8243; padding_bottom=&#8221;30&#8243; z_index=&#8221;&#8221;][vc_column][vc_column_text]<\/p>\n<h2 style=\"text-align: center;\">Zaposlimo<\/h2>\n<p>[\/vc_column_text][vc_separator type=&#8221;small&#8221; position=&#8221;center&#8221; up=&#8221;7&#8243; down=&#8221;7&#8243;][\/vc_column][\/vc_row][vc_row css_animation=&#8221;&#8221; row_type=&#8221;row&#8221; use_row_as_full_screen_section=&#8221;no&#8221; type=&#8221;full_width&#8221; angled_section=&#8221;no&#8221; text_align=&#8221;left&#8221; background_image_as_pattern=&#8221;without_pattern&#8221;][vc_column width=&#8221;1\/4&#8243;]<span data-type=\"normal\"  class=\"qode_icon_shortcode  q_font_awsome_icon fa-4x pull-right \" style=\" \"><i class=\"qode_icon_font_awesome fa fa-briefcase qode_icon_element\" style=\"\" ><\/i><\/span>[\/vc_column][vc_column width=&#8221;1\/2&#8243;][vc_column_text]<\/p>\n<h2><strong>I\u0160\u010cEMO NOVE SODELAVCE &#8211; OSEBNE ASISTENTE\u00a0 <\/strong><\/h2>\n<p>POMO\u010c INVALIDU PRI OSEBNI NEGI, GOSPODINJSKIH OPRAVILIH IN SPREMSTVO TER FIZI\u010cNA POMO\u010c PRI DNEVNIH AKTIVNOSTIH<\/p>\n<p><strong>Podro\u010dje dela: <\/strong><\/p>\n<p>I\u0161\u010demo ve\u010d kandidatov v Ljubljani in okolici<\/p>\n<p><strong>Izobrazba:<\/strong><br \/>\nOsnovno\u0161olska<br \/>\n<strong>Delovne izku\u0161nje:<\/strong><br \/>\nNiso zahtevane<br \/>\n<strong>Vozni\u0161ko dovoljenje:<\/strong><br \/>\nB kategorije<br \/>\n<strong>Znanje jezikov:<br \/>\n<\/strong>Slovenski jezik: razumevanje dobro, govorjenje dobro, pisanje dobro<\/p>\n<p><strong>Drugi pogoji in zahtevane ve\u0161\u010dine:<\/strong><br \/>\nPOTRDILO O NEKAZNOVANOSTI, FIZI\u010cNA MO\u010c, NATAN\u010cNOST, SMISEL ZA DELO Z LJUDMI, POTRPE\u017dLJIVOST, ZANESLJIVOST, TO\u010cNOST, DELO V TREH IZMENAH TER NEDELJAH IN PRAZNIKIH, MO\u017dNOST DELA Z GIBLJIVIM IN NEENAKOMERNO RAZPOREJENIM DELOVNIM \u010cASOM\u2026<\/p>\n<p><strong>Trajanje zaposlitve:<\/strong><strong><br \/>\n<\/strong>Dolo\u010den \u010das 6 mesecev nato mo\u017enost zaposlitve za nedolo\u010den \u010das<br \/>\n<strong>Poskusno delo:<\/strong><br \/>\n2 meseca<\/p>\n<p><strong>Na\u010din prijave kandidata:<\/strong><strong><br \/>\n<\/strong>Kandidati naj po\u0161ljejo vlogo po e-po\u0161ti: <a href=\"mailto:oa@drustvo-distrofikov.si\">oa@drustvo-distrofikov.si<\/a>[\/vc_column_text][\/vc_column][vc_column width=&#8221;1\/4&#8243;][\/vc_column][\/vc_row][vc_row css_animation=&#8221;&#8221; row_type=&#8221;row&#8221; use_row_as_full_screen_section=&#8221;no&#8221; type=&#8221;full_width&#8221; angled_section=&#8221;no&#8221; text_align=&#8221;left&#8221; background_image_as_pattern=&#8221;without_pattern&#8221;][vc_column][vc_separator type=&#8221;transparent&#8221;][\/vc_column][\/vc_row]<\/p>\n<\/div>","protected":false},"excerpt":{"rendered":"<p>[vc_row css_animation=&#8221;&#8221; row_type=&#8221;row&#8221; use_row_as_full_screen_section=&#8221;no&#8221; type=&#8221;grid&#8221; angled_section=&#8221;no&#8221; text_align=&#8221;left&#8221; background_image_as_pattern=&#8221;without_pattern&#8221; background_color=&#8221;#ffffff&#8221; padding_top=&#8221;15&#8243; padding_bottom=&#8221;30&#8243; z_index=&#8221;&#8221;][vc_column][vc_column_text] Zaposlimo [\/vc_column_text][vc_separator type=&#8221;small&#8221; position=&#8221;center&#8221; up=&#8221;7&#8243; down=&#8221;7&#8243;][\/vc_column][\/vc_row][vc_row css_animation=&#8221;&#8221; row_type=&#8221;row&#8221; use_row_as_full_screen_section=&#8221;no&#8221; type=&#8221;full_width&#8221; angled_section=&#8221;no&#8221; text_align=&#8221;left&#8221; background_image_as_pattern=&#8221;without_pattern&#8221;][vc_column width=&#8221;1\/4&#8243;][\/vc_column][vc_column width=&#8221;1\/2&#8243;][vc_column_text] I\u0160\u010cEMO NOVE SODELAVCE &#8211; OSEBNE ASISTENTE\u00a0 POMO\u010c INVALIDU PRI OSEBNI NEGI, GOSPODINJSKIH OPRAVILIH IN SPREMSTVO TER FIZI\u010cNA POMO\u010c&#8230;<\/p>\n","protected":false},"author":1,"featured_media":0,"parent":0,"menu_order":0,"comment_status":"open","ping_status":"open","template":"full_width.php","meta":{"_exactmetrics_skip_tracking":false,"_exactmetrics_sitenote_active":false,"_exactmetrics_sitenote_note":"","_exactmetrics_sitenote_category":0,"footnotes":""},"class_list":["post-19358","page","type-page","status-publish","hentry"],"publishpress_future_action":{"enabled":false,"date":"2026-05-07 09:24:18","action":"change-status","newStatus":"draft","terms":[],"taxonomy":"","extraData":[]},"publishpress_future_workflow_manual_trigger":{"enabledWorkflows":[]},"_links":{"self":[{"href":"http:\/\/www.drustvo-distrofikov.si\/index.php?rest_route=\/wp\/v2\/pages\/19358","targetHints":{"allow":["GET"]}}],"collection":[{"href":"http:\/\/www.drustvo-distrofikov.si\/index.php?rest_route=\/wp\/v2\/pages"}],"about":[{"href":"http:\/\/www.drustvo-distrofikov.si\/index.php?rest_route=\/wp\/v2\/types\/page"}],"author":[{"embeddable":true,"href":"http:\/\/www.drustvo-distrofikov.si\/index.php?rest_route=\/wp\/v2\/users\/1"}],"replies":[{"embeddable":true,"href":"http:\/\/www.drustvo-distrofikov.si\/index.php?rest_route=%2Fwp%2Fv2%2Fcomments&post=19358"}],"version-history":[{"count":3,"href":"http:\/\/www.drustvo-distrofikov.si\/index.php?rest_route=\/wp\/v2\/pages\/19358\/revisions"}],"predecessor-version":[{"id":19361,"href":"http:\/\/www.drustvo-distrofikov.si\/index.php?rest_route=\/wp\/v2\/pages\/19358\/revisions\/19361"}],"wp:attachment":[{"href":"http:\/\/www.drustvo-distrofikov.si\/index.php?rest_route=%2Fwp%2Fv2%2Fmedia&parent=19358"}],"curies":[{"name":"wp","href":"https:\/\/api.w.org\/{rel}","templated":true}]}}